{"id":14931,"date":"2021-01-25T14:59:00","date_gmt":"2021-01-25T12:59:00","guid":{"rendered":"https:\/\/jean-monnet-saar.eu\/?page_id=14931"},"modified":"2024-01-31T13:50:19","modified_gmt":"2024-01-31T12:50:19","slug":"saar-media","status":"publish","type":"page","link":"https:\/\/jean-monnet-saar.eu\/?page_id=14931","title":{"rendered":"Saar Media"},"content":{"rendered":"\n<p>Auf dieser Seite finden Sie alle Podcasts, Lehrvideos und Interviews sowie Videoaufnahmen vergangener Symposien. <\/p>\n\n\n\n<ul class=\"wp-block-list\"><li>Podcast-Reihe &#8222;Europarecht verst\u00e4ndlich&#8220;:<ul><li><a href=\"https:\/\/see-eu-cluster.cloud.panopto.eu\/Panopto\/Pages\/Viewer.aspx?id=7d67d880-0315-4d60-9b20-adef00c9ab6a\">Das Europ\u00e4ische Parlament<\/a> <\/li><li><a href=\"https:\/\/see-eu-cluster.cloud.panopto.eu\/Panopto\/Pages\/Viewer.aspx?id=73720812-d5ef-4b0b-a5d5-adf6009a8da0\">Der Europ\u00e4ische Rat<\/a><\/li><li><a href=\"https:\/\/see-eu-cluster.cloud.panopto.eu\/Panopto\/Pages\/Viewer.aspx?id=bb586ffe-ad4c-4508-a217-adf7009e2215\">Der Rat der EU<\/a><\/li><li><a href=\"https:\/\/see-eu-cluster.cloud.panopto.eu\/Panopto\/Pages\/Viewer.aspx?id=1516f51c-bbd4-4437-9184-adf7009e21d6\">Die Europ\u00e4ische Kommission<\/a><\/li><li><a href=\"https:\/\/see-eu-cluster.cloud.panopto.eu\/Panopto\/Pages\/Viewer.aspx?id=b18d3f33-ba7c-48ea-9c72-adf7009e21e1\">Der EuGH<\/a><\/li><\/ul><\/li><li><a href=\"https:\/\/see-eu-cluster.cloud.panopto.eu\/Panopto\/Pages\/Viewer.aspx?id=1465431c-c44e-4a90-bd5b-adde00ff9ce5\">Anniversary Conference &#8211; 70 Years Europa-Institut: &#8222;Supply Chains Responsibilities &#8211; New Challenges under European and Internation Law&#8220; (11\/21)<\/a><\/li><li><a href=\"https:\/\/jean-monnet-saar.eu\/?p=110397\" data-type=\"post\" data-id=\"110397\">Karoline Dolgowski: Der EGMR und die polnische Justizreform (10\/21)<\/a><\/li><li><a href=\"https:\/\/jean-monnet-saar.eu\/?p=44667\" data-type=\"post\" data-id=\"44667\">Dennis Traudt: Au\u00dfenhandelsstrategien der EU (04\/21)<\/a><\/li><li><a href=\"https:\/\/jean-monnet-saar.eu\/?p=38355\">Katharina Koch: Lieferkettengesetze in Deutschland, Frankreich und Europa (03\/21)<\/a><\/li><li><a href=\"https:\/\/jean-monnet-saar.eu\/?p=35427\">Julia Jungfleisch: Grundlagen des Asylrechts &#8211; Teil II (03\/21)<\/a><\/li><li><a href=\"https:\/\/jean-monnet-saar.eu\/?p=27869\">Julia Jungfleisch: Grundlagen des Asylrechts &#8211; Teil I (02\/21)<\/a><\/li><li><a href=\"https:\/\/jean-monnet-saar.eu\/?p=3127\">Katharina Koch: Grundfreiheiten &amp; Brexit (01\/21)<\/a><\/li><li><a href=\"https:\/\/jean-monnet-saar.eu\/?p=3088\">Thomas Giegerich: Europ\u00e4isches Patentgericht (01\/21)<\/a><\/li><li><a href=\"https:\/\/jean-monnet-saar.eu\/?p=3034\">Laura Katharina Woll: Recht auf selbstbestimmtes Sterben (12\/20)<\/a><\/li><li><a href=\"https:\/\/jean-monnet-saar.eu\/?page_id=2996\">Thomas Giegerich: Rechtsstaatlichkeit in der EU (11\/20)<\/a><\/li><li><a href=\"https:\/\/ius-saar.eu\/prof-giegerich-zum-bverfg-und-der-outputlegitimitaet-der-eu\/\">Thomas Giegerich: BVerfG und Output-Legitimit\u00e4t der EU (10\/20)<\/a><\/li><li><a href=\"https:\/\/jean-monnet-saar.eu\/?page_id=14979\">Symposium &#8222;The European Union as Promoter and Protector of Equality&#8220; (12\/19)<\/a><\/li><li><a href=\"https:\/\/www.echr.coe.int\/Pages\/home.aspx?p=hearings&amp;w=1021112_29112017&amp;language=en\">Thomas Giegerich: Hearing at the ECtHR, Ilnseher v. Germany &#8211; App. No. 10211\/12 und 27505\/14 (11\/17)<\/a><\/li><li><a href=\"https:\/\/jean-monnet-saar.eu\/?p=1038\">Sebastian Zeitzmann: SR-Interview zur erstmaligen Anwendung des Art. 42 Abs. 7 EUV (Beistandsfall) (11\/15)<\/a><\/li><li><a href=\"https:\/\/jean-monnet-saar.eu\/?p=1267\">Symposium &#8222;How much Differentiation and Flexibility can European Integration bear?&#8220; (04\/16)<\/a><\/li><\/ul>\n\n\n\n<p><\/p>\n","protected":false},"excerpt":{"rendered":"<p>Auf dieser Seite finden Sie alle Podcasts, Lehrvideos und Interviews sowie Videoaufnahmen vergangener Symposien. Podcast-Reihe &#8222;Europarecht verst\u00e4ndlich&#8220;: Das Europ\u00e4ische Parlament Der Europ\u00e4ische Rat Der Rat<\/p>\n","protected":false},"author":16,"featured_media":0,"parent":0,"menu_order":0,"comment_status":"closed","ping_status":"closed","template":"","meta":{"footnotes":""},"class_list":["post-14931","page","type-page","status-publish","hentry"],"_links":{"self":[{"href":"https:\/\/jean-monnet-saar.eu\/index.php?rest_route=\/wp\/v2\/pages\/14931","targetHints":{"allow":["GET"]}}],"collection":[{"href":"https:\/\/jean-monnet-saar.eu\/index.php?rest_route=\/wp\/v2\/pages"}],"about":[{"href":"https:\/\/jean-monnet-saar.eu\/index.php?rest_route=\/wp\/v2\/types\/page"}],"author":[{"embeddable":true,"href":"https:\/\/jean-monnet-saar.eu\/index.php?rest_route=\/wp\/v2\/users\/16"}],"replies":[{"embeddable":true,"href":"https:\/\/jean-monnet-saar.eu\/index.php?rest_route=%2Fwp%2Fv2%2Fcomments&post=14931"}],"version-history":[{"count":0,"href":"https:\/\/jean-monnet-saar.eu\/index.php?rest_route=\/wp\/v2\/pages\/14931\/revisions"}],"wp:attachment":[{"href":"https:\/\/jean-monnet-saar.eu\/index.php?rest_route=%2Fwp%2Fv2%2Fmedia&parent=14931"}],"curies":[{"name":"wp","href":"https:\/\/api.w.org\/{rel}","templated":true}]}}