{"id":277513,"date":"2023-11-03T11:37:03","date_gmt":"2023-11-03T10:37:03","guid":{"rendered":"https:\/\/jean-monnet-saar.eu\/?page_id=277513"},"modified":"2023-11-03T11:37:04","modified_gmt":"2023-11-03T10:37:04","slug":"2022-2","status":"publish","type":"page","link":"https:\/\/jean-monnet-saar.eu\/?page_id=277513","title":{"rendered":"2022"},"content":{"rendered":"\n<ul class=\"wp-block-list\">\n<li><a href=\"https:\/\/jean-monnet-saar.eu\/?page_id=250354\">Dagmar Richter &#8211; 26 Thesen zu menschenrechtlichen Aspekten von Pushbacks an den Grenzen Europas (12\/22)<\/a><\/li>\n\n\n\n<li><a href=\"https:\/\/jean-monnet-saar.eu\/?page_id=231857\">Thomas Giegerich &#8211; Toward Greater Gender-Sensitivity in Migration Law: Positive Developments regarding Female Refugees and Displaced Persons (10\/22)<\/a><\/li>\n\n\n\n<li><a href=\"https:\/\/jean-monnet-saar.eu\/?page_id=228166\">Anna Kohte &#8211;&nbsp;<span style=\"font-size: revert;\">On Patients\u2019 Autonomy, Medical Paternalism and Situations of Vulnerability in Y.P. v. Russia (09\/22)<\/span><\/a><\/li>\n\n\n\n<li><a href=\"https:\/\/jean-monnet-saar.eu\/?page_id=223493\">Julia Jungfleisch &#8211; The Strasbourg Version of Judicial Dialogue in Multilevel Systems: a short look at where we are with the Advisory Opinion Procedure under Protocol 16 (9\/22)<\/a><\/li>\n\n\n\n<li><a href=\"https:\/\/jean-monnet-saar.eu\/?page_id=217946\">Miriam Schmitt &#8211; Der Fall Kavala: ein Update? (08\/22)<\/a><\/li>\n\n\n\n<li><a href=\"https:\/\/jean-monnet-saar.eu\/?page_id=212894\">Thomas Giegerich &#8211; Europawahlreform als unendliche Geschichte (08\/22)<\/a><\/li>\n\n\n\n<li><a href=\"https:\/\/jean-monnet-saar.eu\/?page_id=178569\">Jascha Gro\u00df &#8211; Ausschluss russischer Fu\u00dfballteams von internationalen Wettk\u00e4mpfen \u2013 Legitimit\u00e4t und Rechtsschutzm\u00f6glichkeiten (05\/22)<\/a><\/li>\n\n\n\n<li><a href=\"https:\/\/jean-monnet-saar.eu\/?page_id=173665\">Florian Kraffert &#8211; Der Fall Kozan: Wie der EGMR den Rechtsstaat sch\u00fctzt (04\/22)<\/a><\/li>\n\n\n\n<li><a href=\"https:\/\/jean-monnet-saar.eu\/?page_id=172312\">Theresa Mainusch &#8211; Regenbogenfamilien \u2013 Unionsweite Anerkennung Mitgliedstaatlicher Geburtsurkunden (04\/22)<\/a><\/li>\n\n\n\n<li><a href=\"https:\/\/jean-monnet-saar.eu\/?page_id=158289\">Miriam Schmitt &#8211; Die T\u00fcrkei und der Europarat \u2013 ein sich zuspitzender Konflikt? (03\/22)<\/a><\/li>\n\n\n\n<li><a href=\"https:\/\/jean-monnet-saar.eu\/?page_id=153724\">Prof. Dr. Thomas Giegerich &#8211; Die &#8222;nationale Identit\u00e4t&#8220; gibt nationalen Gerichten keine Carte blanche zur \u00dcberwindung vorrangigen EU-Rechts: Anmerkung zum EuGH-Urteil vom 22.2.2022 in der Rs. C-430\/21&nbsp; (02\/22)<\/a><\/li>\n\n\n\n<li><a href=\"https:\/\/jean-monnet-saar.eu\/?p=141072\">Karoline Dolgowski und Dennis Traudt &#8211; Das sind die Werte der EU! (01\/22)<\/a><\/li>\n<\/ul>\n\n\n\n<p><\/p>\n","protected":false},"excerpt":{"rendered":"","protected":false},"author":18,"featured_media":0,"parent":73,"menu_order":0,"comment_status":"closed","ping_status":"closed","template":"","meta":{"footnotes":""},"class_list":["post-277513","page","type-page","status-publish","hentry"],"_links":{"self":[{"href":"https:\/\/jean-monnet-saar.eu\/index.php?rest_route=\/wp\/v2\/pages\/277513","targetHints":{"allow":["GET"]}}],"collection":[{"href":"https:\/\/jean-monnet-saar.eu\/index.php?rest_route=\/wp\/v2\/pages"}],"about":[{"href":"https:\/\/jean-monnet-saar.eu\/index.php?rest_route=\/wp\/v2\/types\/page"}],"author":[{"embeddable":true,"href":"https:\/\/jean-monnet-saar.eu\/index.php?rest_route=\/wp\/v2\/users\/18"}],"replies":[{"embeddable":true,"href":"https:\/\/jean-monnet-saar.eu\/index.php?rest_route=%2Fwp%2Fv2%2Fcomments&post=277513"}],"version-history":[{"count":0,"href":"https:\/\/jean-monnet-saar.eu\/index.php?rest_route=\/wp\/v2\/pages\/277513\/revisions"}],"up":[{"embeddable":true,"href":"https:\/\/jean-monnet-saar.eu\/index.php?rest_route=\/wp\/v2\/pages\/73"}],"wp:attachment":[{"href":"https:\/\/jean-monnet-saar.eu\/index.php?rest_route=%2Fwp%2Fv2%2Fmedia&parent=277513"}],"curies":[{"name":"wp","href":"https:\/\/api.w.org\/{rel}","templated":true}]}}