{"id":277568,"date":"2023-11-03T11:46:51","date_gmt":"2023-11-03T10:46:51","guid":{"rendered":"https:\/\/jean-monnet-saar.eu\/?page_id=277568"},"modified":"2023-11-03T11:46:52","modified_gmt":"2023-11-03T10:46:52","slug":"2016-2","status":"publish","type":"page","link":"https:\/\/jean-monnet-saar.eu\/?page_id=277568","title":{"rendered":"2016"},"content":{"rendered":"\n<ul class=\"wp-block-list\">\n<li><a href=\"https:\/\/jean-monnet-saar.eu\/?p=1661\">Eleftherios Petropoulos &#8211;&nbsp;Eine Institution der EU erreicht ihre \u201eVollj\u00e4hrigkeit\u201c: Eine Europ\u00e4ische B\u00fcrgerinitiative vor der Gro\u00dfen Kammer des EuGH (12\/16)<\/a><\/li>\n\n\n\n<li><a href=\"https:\/\/jean-monnet-saar.eu\/?p=1641\">Prof. Dr. Thomas Giegerich &#8211; \u00dcberblick \u00fcber die Freihandelsabkommen der EU mit Kanada (CETA) und den USA (TTIP) (12\/16)<\/a><\/li>\n\n\n\n<li><a href=\"https:\/\/jean-monnet-saar.eu\/?p=1614\">Prof. Dr. Thomas Giegerich &#8211; The European Union as a Global Actor &#8211; An Introduction (11\/16)<\/a><\/li>\n\n\n\n<li><a href=\"https:\/\/jean-monnet-saar.eu\/?p=1575\">Dr. Desir\u00e9e Schmitt and Prof. Dr. Thomas Giegerich &#8211; Discriminatory Entrance Fee, the German Federal Constitutional Court and the Absent Court of Justice of the EU &#8211; A Commentary (10\/16)<\/a><\/li>\n\n\n\n<li><a href=\"https:\/\/jean-monnet-saar.eu\/?p=1511\">Pieter Gryffroy &#8211;&nbsp;Two years after Digital Rights Ireland: general data retention obligations might still be compatible with EU law &#8211;&nbsp;A review of the Advocate General\u2019s opinion in Joined Cases C-203\/15 and C-698\/15 (09\/16)<\/a><\/li>\n\n\n\n<li><a href=\"https:\/\/jean-monnet-saar.eu\/?p=1453\">Pieter Gryffroy &#8211;&nbsp;Taking a look at two cases in the margin of the CJEU\u2019s \u201cPrivacy Spring\u201d, before and after the General Data Protection Regulation: Weltimmo and Bara (06\/16)<\/a><\/li>\n\n\n\n<li><a href=\"https:\/\/jean-monnet-saar.eu\/?p=1438\">Prof. Dr. Thomas Giegerich &#8211; Lecture on \u201eThe Charter of Fundamental Rights of the EU and Human Rights Protection in Europe\u201c by Univ.-Prof. Dr. Thomas Giegerich (06\/16)<\/a><\/li>\n\n\n\n<li><a href=\"https:\/\/jean-monnet-saar.eu\/?p=1400\">Dr. Desir\u00e9e Schmitt und Sebastian Zeitzmann, Tagungsbericht Jean-Monnet-Symposium (05\/16)<\/a><\/li>\n\n\n\n<li><a href=\"https:\/\/jean-monnet-saar.eu\/?p=1258\">Prof. Dr. Thomas Giegerich &#8211; Oscillating between Friendliness and Scepticsm towards the European Union \u2013 A Critical Survey of the Federal Constitutional Court\u2019s Case-Law regarding European Integration (03\/16)<\/a><\/li>\n\n\n\n<li><a href=\"https:\/\/jean-monnet-saar.eu\/?p=1229\">Karoline Schmidt &#8211;&nbsp;Analyse des EGMR-Urteils Magyar Tartalomszolg\u00e1ltat\u00f3k Egyes\u00fclete und Index.hu Zrt gegen Ungarn (App. No. 22947\/13) \u2013 wie weit reicht die Meinungsfreiheit von Internet Service Providern? (02\/16)<\/a><\/li>\n\n\n\n<li><a href=\"https:\/\/jean-monnet-saar.eu\/?p=1211\">Pieter Gryffroy &#8211;&nbsp;The EU-US Privacy Shield: An Effective New Framework for Transatlantic Data Flows or A Weak Compromise Doomed to Fail? (02\/16)<\/a><\/li>\n\n\n\n<li><a href=\"https:\/\/jean-monnet-saar.eu\/?p=1146\">Prof. Dr. Thomas Giegerich und Dr. Helen K\u00fcchler &#8211; Darf ein Abkommen der EU mit Marokko auf das umstrittene Gebiet der Westsahara angewendet werden? Ein Urteil des EuG an der Schnittstelle von Unions- und V\u00f6lkerrecht im Fall Front Polisario gegen Rat der EU (Rs. T-512\/12) (01\/16)<\/a><\/li>\n\n\n\n<li><a href=\"https:\/\/jean-monnet-saar.eu\/?p=1116\">Prof. Dr. Thomas Giegerich und Sabihat Kre\u00df &#8211; Keine Freigabe kryokonservierter Embryonen zur Stammzellenforschung: Analyse des EGMR-Urteils \u201eParrillo v. Italy\u201c (App. No. 46470\/11) (01\/16)<\/a><\/li>\n<\/ul>\n","protected":false},"excerpt":{"rendered":"","protected":false},"author":18,"featured_media":0,"parent":0,"menu_order":0,"comment_status":"closed","ping_status":"closed","template":"","meta":{"footnotes":""},"class_list":["post-277568","page","type-page","status-publish","hentry"],"_links":{"self":[{"href":"https:\/\/jean-monnet-saar.eu\/index.php?rest_route=\/wp\/v2\/pages\/277568","targetHints":{"allow":["GET"]}}],"collection":[{"href":"https:\/\/jean-monnet-saar.eu\/index.php?rest_route=\/wp\/v2\/pages"}],"about":[{"href":"https:\/\/jean-monnet-saar.eu\/index.php?rest_route=\/wp\/v2\/types\/page"}],"author":[{"embeddable":true,"href":"https:\/\/jean-monnet-saar.eu\/index.php?rest_route=\/wp\/v2\/users\/18"}],"replies":[{"embeddable":true,"href":"https:\/\/jean-monnet-saar.eu\/index.php?rest_route=%2Fwp%2Fv2%2Fcomments&post=277568"}],"version-history":[{"count":0,"href":"https:\/\/jean-monnet-saar.eu\/index.php?rest_route=\/wp\/v2\/pages\/277568\/revisions"}],"wp:attachment":[{"href":"https:\/\/jean-monnet-saar.eu\/index.php?rest_route=%2Fwp%2Fv2%2Fmedia&parent=277568"}],"curies":[{"name":"wp","href":"https:\/\/api.w.org\/{rel}","templated":true}]}}