{"id":277590,"date":"2023-11-03T11:50:57","date_gmt":"2023-11-03T10:50:57","guid":{"rendered":"https:\/\/jean-monnet-saar.eu\/?page_id=277590"},"modified":"2023-11-03T11:50:57","modified_gmt":"2023-11-03T10:50:57","slug":"2022-2","status":"publish","type":"page","link":"https:\/\/jean-monnet-saar.eu\/?page_id=277590","title":{"rendered":"2022"},"content":{"rendered":"\n<ul class=\"wp-block-list\">\n<li><a href=\"https:\/\/jean-monnet-saar.eu\/wp-content\/uploads\/2022\/03\/Grenzueberschreitende-Gesundheitsdienstleistungen.pdf\">Thomas Giegerich, Laura Katharina Woll &#8211; Grenz\u00fcberschreitende Zusammenarbeit im Gesundheitswesen zwischen Deutschland und Frankreich: Unionsrechtliche Grundlagen und Freir\u00e4ume (03\/22)<\/a><\/li>\n\n\n\n<li><a href=\"https:\/\/jean-monnet-saar.eu\/wp-content\/uploads\/2022\/03\/Ukraine-Krieg.pdf\">Thomas Giegerich &#8211; Die Fundamente der heutigen V\u00f6lkerrechtsordnung: Eine Bekr\u00e4ftigung anl\u00e4sslich des Ukraine-Kriegs (03\/22)<\/a><\/li>\n<\/ul>\n","protected":false},"excerpt":{"rendered":"","protected":false},"author":18,"featured_media":0,"parent":0,"menu_order":0,"comment_status":"closed","ping_status":"closed","template":"","meta":{"footnotes":""},"class_list":["post-277590","page","type-page","status-publish","hentry"],"_links":{"self":[{"href":"https:\/\/jean-monnet-saar.eu\/index.php?rest_route=\/wp\/v2\/pages\/277590","targetHints":{"allow":["GET"]}}],"collection":[{"href":"https:\/\/jean-monnet-saar.eu\/index.php?rest_route=\/wp\/v2\/pages"}],"about":[{"href":"https:\/\/jean-monnet-saar.eu\/index.php?rest_route=\/wp\/v2\/types\/page"}],"author":[{"embeddable":true,"href":"https:\/\/jean-monnet-saar.eu\/index.php?rest_route=\/wp\/v2\/users\/18"}],"replies":[{"embeddable":true,"href":"https:\/\/jean-monnet-saar.eu\/index.php?rest_route=%2Fwp%2Fv2%2Fcomments&post=277590"}],"version-history":[{"count":0,"href":"https:\/\/jean-monnet-saar.eu\/index.php?rest_route=\/wp\/v2\/pages\/277590\/revisions"}],"wp:attachment":[{"href":"https:\/\/jean-monnet-saar.eu\/index.php?rest_route=%2Fwp%2Fv2%2Fmedia&parent=277590"}],"curies":[{"name":"wp","href":"https:\/\/api.w.org\/{rel}","templated":true}]}}