{"id":277621,"date":"2023-11-03T11:55:18","date_gmt":"2023-11-03T10:55:18","guid":{"rendered":"https:\/\/jean-monnet-saar.eu\/?page_id=277621"},"modified":"2023-11-03T11:55:19","modified_gmt":"2023-11-03T10:55:19","slug":"2016-3","status":"publish","type":"page","link":"https:\/\/jean-monnet-saar.eu\/?page_id=277621","title":{"rendered":"2016"},"content":{"rendered":"\n<ul class=\"wp-block-list\">\n<li><a href=\"https:\/\/jean-monnet-saar.eu\/wp-content\/uploads\/2013\/12\/TreatyOverride_TG.pdf\">Thomas Giegerich: V\u00f6lkerrechtsfreundlichkeit \u201clight\u201c \u2013 Viel Schatten und wenig Licht im BVerfG-Beschluss zum Treaty Override (02\/16)<\/a><\/li>\n\n\n\n<li><a href=\"https:\/\/jean-monnet-saar.eu\/wp-content\/uploads\/2013\/12\/GutachtenDatenschutz.pdf\">Thomas Giegerich, Desir\u00e9e Schmitt, Sabihat Kre\u00df: Gutachten zu Rechtsfragen betreffend die Erhebung, Speicherung und Verarbeitung personenbezogener Daten von Fl\u00fcchtlingen (01\/16)<\/a><\/li>\n<\/ul>\n","protected":false},"excerpt":{"rendered":"","protected":false},"author":18,"featured_media":0,"parent":0,"menu_order":0,"comment_status":"closed","ping_status":"closed","template":"","meta":{"footnotes":""},"class_list":["post-277621","page","type-page","status-publish","hentry"],"_links":{"self":[{"href":"https:\/\/jean-monnet-saar.eu\/index.php?rest_route=\/wp\/v2\/pages\/277621","targetHints":{"allow":["GET"]}}],"collection":[{"href":"https:\/\/jean-monnet-saar.eu\/index.php?rest_route=\/wp\/v2\/pages"}],"about":[{"href":"https:\/\/jean-monnet-saar.eu\/index.php?rest_route=\/wp\/v2\/types\/page"}],"author":[{"embeddable":true,"href":"https:\/\/jean-monnet-saar.eu\/index.php?rest_route=\/wp\/v2\/users\/18"}],"replies":[{"embeddable":true,"href":"https:\/\/jean-monnet-saar.eu\/index.php?rest_route=%2Fwp%2Fv2%2Fcomments&post=277621"}],"version-history":[{"count":0,"href":"https:\/\/jean-monnet-saar.eu\/index.php?rest_route=\/wp\/v2\/pages\/277621\/revisions"}],"wp:attachment":[{"href":"https:\/\/jean-monnet-saar.eu\/index.php?rest_route=%2Fwp%2Fv2%2Fmedia&parent=277621"}],"curies":[{"name":"wp","href":"https:\/\/api.w.org\/{rel}","templated":true}]}}