{"id":277659,"date":"2023-11-03T12:03:53","date_gmt":"2023-11-03T11:03:53","guid":{"rendered":"https:\/\/jean-monnet-saar.eu\/?page_id=277659"},"modified":"2023-11-03T12:03:53","modified_gmt":"2023-11-03T11:03:53","slug":"2018-4","status":"publish","type":"page","link":"https:\/\/jean-monnet-saar.eu\/?page_id=277659","title":{"rendered":"2018"},"content":{"rendered":"\n<ul class=\"wp-block-list\">\n<li><a href=\"https:\/\/jean-monnet-saar.eu\/wp-content\/uploads\/2018\/02\/Diehl_Ehefueralle_gesamt.pdf\">Michelle Diehl &#8211; \u00d6ffnung der Ehe f\u00fcr gleichgeschlechtliche Paare: Aus Gleichheitsgr\u00fcnden geboten oder&nbsp; zum Schutz der traditionellen Ehe verboten? (02\/18)<\/a><\/li>\n<\/ul>\n","protected":false},"excerpt":{"rendered":"","protected":false},"author":18,"featured_media":0,"parent":0,"menu_order":0,"comment_status":"closed","ping_status":"closed","template":"","meta":{"footnotes":""},"class_list":["post-277659","page","type-page","status-publish","hentry"],"_links":{"self":[{"href":"https:\/\/jean-monnet-saar.eu\/index.php?rest_route=\/wp\/v2\/pages\/277659","targetHints":{"allow":["GET"]}}],"collection":[{"href":"https:\/\/jean-monnet-saar.eu\/index.php?rest_route=\/wp\/v2\/pages"}],"about":[{"href":"https:\/\/jean-monnet-saar.eu\/index.php?rest_route=\/wp\/v2\/types\/page"}],"author":[{"embeddable":true,"href":"https:\/\/jean-monnet-saar.eu\/index.php?rest_route=\/wp\/v2\/users\/18"}],"replies":[{"embeddable":true,"href":"https:\/\/jean-monnet-saar.eu\/index.php?rest_route=%2Fwp%2Fv2%2Fcomments&post=277659"}],"version-history":[{"count":0,"href":"https:\/\/jean-monnet-saar.eu\/index.php?rest_route=\/wp\/v2\/pages\/277659\/revisions"}],"wp:attachment":[{"href":"https:\/\/jean-monnet-saar.eu\/index.php?rest_route=%2Fwp%2Fv2%2Fmedia&parent=277659"}],"curies":[{"name":"wp","href":"https:\/\/api.w.org\/{rel}","templated":true}]}}