{"id":277669,"date":"2023-11-03T12:05:19","date_gmt":"2023-11-03T11:05:19","guid":{"rendered":"https:\/\/jean-monnet-saar.eu\/?page_id=277669"},"modified":"2023-11-03T12:05:20","modified_gmt":"2023-11-03T11:05:20","slug":"2016-4","status":"publish","type":"page","link":"https:\/\/jean-monnet-saar.eu\/?page_id=277669","title":{"rendered":"2016"},"content":{"rendered":"\n<ul class=\"wp-block-list\">\n<li><a href=\"https:\/\/jean-monnet-saar.eu\/wp-content\/uploads\/2013\/12\/Bankbook-Bodies_FINAL.pdf\">Pascale Mayer &#8211; Bankbook Bodies: The Billion Dollar Business with Organ Trade \u2013 The Development of International Legal Measures and the Effectiveness in Curtailing the Black Market (12\/16)<\/a><\/li>\n\n\n\n<li><a href=\"https:\/\/jean-monnet-saar.eu\/wp-content\/uploads\/2013\/12\/Schuberth_final-1.pdf\">Michael Schuberth &#8211; Die Nichtigkeitsklagen der Slowakei und Ungarns gegen die Notfallumsiedlung aus Italien und Griechenland \u2013 Eine rechtliche Er\u00f6rterung der EuGH-Rechtssachen C-643\/15 und C-647\/15 (11\/16)<\/a><\/li>\n\n\n\n<li><a href=\"https:\/\/jean-monnet-saar.eu\/wp-content\/uploads\/2013\/12\/Petropoulos-Blueprint.pdf\">Eleftherios Petropoulos &#8211; Die Europ\u00e4ische B\u00fcrgerinitiative im paneurop\u00e4ischen Kontext: Wo steht die direkte Demokratie in der EU im Vergleich zu ihren Mitgliedstaaten? (11\/16)<\/a><\/li>\n\n\n\n<li><a href=\"https:\/\/jean-monnet-saar.eu\/wp-content\/uploads\/2013\/12\/Blueprint-Layla.pdf\">Layla Kristina Jaber &#8211; Die Entscheidung der Gro\u00dfen Kammer in der Rechtssache Al-Dulimi \u2013 eine Gefahr f\u00fcr die Einheit des V\u00f6lkerrechts oder ein Sieg f\u00fcr den Schutz der Grund- und Menschenrechte? (10\/16)<\/a><\/li>\n\n\n\n<li><a href=\"https:\/\/jean-monnet-saar.eu\/wp-content\/uploads\/2013\/12\/Blueprint-0216.pdf\">Derya Nur Kayacan &#8211; How to Resolve Conflicts Between Fundamental Constitutional Rights (02\/16)<\/a><\/li>\n\n\n\n<li><a href=\"https:\/\/jean-monnet-saar.eu\/wp-content\/uploads\/2013\/12\/Blueprint-Fluechtlingsschutz-EU.pdf\">Desir\u00e9e Schmitt &#8211; Reaktionen der EU auf das starke Ansteigen des Fl\u00fcchtlingszustroms seit April 2015 &#8211; Eine zeitliche Darstellung (02\/16)<\/a><\/li>\n<\/ul>\n","protected":false},"excerpt":{"rendered":"","protected":false},"author":18,"featured_media":0,"parent":0,"menu_order":0,"comment_status":"closed","ping_status":"closed","template":"","meta":{"footnotes":""},"class_list":["post-277669","page","type-page","status-publish","hentry"],"_links":{"self":[{"href":"https:\/\/jean-monnet-saar.eu\/index.php?rest_route=\/wp\/v2\/pages\/277669","targetHints":{"allow":["GET"]}}],"collection":[{"href":"https:\/\/jean-monnet-saar.eu\/index.php?rest_route=\/wp\/v2\/pages"}],"about":[{"href":"https:\/\/jean-monnet-saar.eu\/index.php?rest_route=\/wp\/v2\/types\/page"}],"author":[{"embeddable":true,"href":"https:\/\/jean-monnet-saar.eu\/index.php?rest_route=\/wp\/v2\/users\/18"}],"replies":[{"embeddable":true,"href":"https:\/\/jean-monnet-saar.eu\/index.php?rest_route=%2Fwp%2Fv2%2Fcomments&post=277669"}],"version-history":[{"count":0,"href":"https:\/\/jean-monnet-saar.eu\/index.php?rest_route=\/wp\/v2\/pages\/277669\/revisions"}],"wp:attachment":[{"href":"https:\/\/jean-monnet-saar.eu\/index.php?rest_route=%2Fwp%2Fv2%2Fmedia&parent=277669"}],"curies":[{"name":"wp","href":"https:\/\/api.w.org\/{rel}","templated":true}]}}