{"id":282461,"date":"2024-01-15T10:25:17","date_gmt":"2024-01-15T09:25:17","guid":{"rendered":"https:\/\/jean-monnet-saar.eu\/?page_id=282461"},"modified":"2024-03-08T11:36:46","modified_gmt":"2024-03-08T10:36:46","slug":"ueber-uns","status":"publish","type":"page","link":"https:\/\/jean-monnet-saar.eu\/?page_id=282461","title":{"rendered":"Jean Monnet Saar"},"content":{"rendered":"\n<p><em>Jean Monnet Saar<\/em> ist ein Wissenschaftsblog, der seit \u00fcber zehn Jahren von Univ.-Prof. Dr. Thomas Giegerich, LL.M. (Univ. of Virginia) und seinem Team an der Universit\u00e4t des Saarlandes betrieben wird. Der Blog leistet einen aktiven Beitrag zur Open-Access-Transformation des wissenschaftlichen Publikationswesens, um das Europarecht und die Entwicklungen der europ\u00e4ischen Integration einer breiten \u00d6ffentlichkeit zug\u00e4nglich zu machen.<\/p>\n\n\n\n<p>Unser Team kann aus der reichen Tradition und fundierten Expertise des <a href=\"https:\/\/europainstitut.de\/\">Europa-Instituts<\/a> der Universit\u00e4t des Saarlandes sch\u00f6pfen. Renommierte Wissenschaftlerinnen und Wissenschaftler leisten hier wichtige Beitr\u00e4ge in Lehre und Forschung.<\/p>\n\n\n\n<p>Als Teil der dynamischen Grenzregion Saarland im Herzen Europas an der Grenze zu Frankreich und Luxemburg steht der Blog <em>Jean Monnet Saar<\/em> in einer langen Tradition der europ\u00e4ischen Integration. Unser Ziel ist es, Analysen und Beitr\u00e4ge zu den europa- und v\u00f6lkerrechtlichen Entwicklungen unkompliziert und kostenlos zur Verf\u00fcgung zu stellen. Damit soll ein wichtiger Beitrag zum Verst\u00e4ndnis und zur Diskussion europa- und v\u00f6lkerrechtlicher Fragen geleistet werden.<\/p>\n\n\n\n<p>Der Blog erf\u00fcllt alle Anforderungen, die an das wissenschaftliche Publizieren gestellt wird. Seit einiger Zeit werden Artikel des Blogs zus\u00e4tzlich auf <a href=\"https:\/\/intr2dok.vifa-recht.de\/content\/index.xml\">Intr\u00b2Dok<\/a> ver\u00f6ffentlicht, einem Open Access-Repositorium, das vom Fachinformationsdienst f\u00fcr internationale und interdisziplin\u00e4re Rechtsforschung betrieben wird. Dieser Dienst wird von der <a href=\"https:\/\/dfg.de\/de\">Deutschen Forschungsgemeinschaft<\/a> gef\u00f6rdert und befindet sich an der Staatsbibliothek zu Berlin. Diese Zusammenarbeit erh\u00f6ht die Auffindbarkeit und Reichweite der Blogbeitr\u00e4ge. Die Vergabe von Digital Object Identifiers (DOIs) steigert zudem die Sichtbarkeit der Artikel in internationalen Bibliothekskatalogen<\/p>\n\n\n\n<p>***<\/p>\n\n\n\n<p><em>Jean Monnet Saar<\/em> is an academic blog run for over ten years by Prof. Dr. Thomas Giegerich, LL.M. (Univ. of Virginia) and his team at Saarland University. The Blog actively contributes to the open access transformation of academic publishing in order to make European law and developments in European integration accessible to the general public.<\/p>\n\n\n\n<p>Our team benefits from the rich tradition and in-depth expertise of the <a href=\"https:\/\/europainstitut.de\/\">Europa-Institut<\/a> at Saarland University. Renowned academics contribute to teaching and research at this institution.<\/p>\n\n\n\n<p>As part of the dynamic border region of Saarland in the heart of Europe, bordering France and Luxembourg, <em>Jean Monnet Saar<\/em> continues a long tradition of European integration. Our team aims to provide straightforward, free-of-charge analyses and contributions on developments in European and international law. Our goal is to significantly contribute to the understanding and discussion of issues related to European and international law.<\/p>\n\n\n\n<p>The blog meets all requirements for academic publishing. Additionally, its articles are published on the open-access repository <a href=\"https:\/\/intr2dok.vifa-recht.de\/content\/index.xml\">Intr\u00b2Dok<\/a>. This service, funded by the <a href=\"http:\/\/dfg.de\/de\">German Research Foundation<\/a>, is housed within the Berlin State Library. The collaboration enhances the findability and reach of the blog&#8217;s contributions. Furthermore, the assignment of Digital Object Identifiers (DOIs) increases the visibility of the articles in international library catalogs.<\/p>\n","protected":false},"excerpt":{"rendered":"<p>Jean Monnet Saar ist ein Wissenschaftsblog, der seit \u00fcber zehn Jahren von Univ.-Prof. Dr. Thomas Giegerich, LL.M. (Univ. of Virginia) und seinem Team an der<\/p>\n","protected":false},"author":18,"featured_media":0,"parent":0,"menu_order":0,"comment_status":"closed","ping_status":"closed","template":"","meta":{"footnotes":""},"class_list":["post-282461","page","type-page","status-publish","hentry"],"_links":{"self":[{"href":"https:\/\/jean-monnet-saar.eu\/index.php?rest_route=\/wp\/v2\/pages\/282461","targetHints":{"allow":["GET"]}}],"collection":[{"href":"https:\/\/jean-monnet-saar.eu\/index.php?rest_route=\/wp\/v2\/pages"}],"about":[{"href":"https:\/\/jean-monnet-saar.eu\/index.php?rest_route=\/wp\/v2\/types\/page"}],"author":[{"embeddable":true,"href":"https:\/\/jean-monnet-saar.eu\/index.php?rest_route=\/wp\/v2\/users\/18"}],"replies":[{"embeddable":true,"href":"https:\/\/jean-monnet-saar.eu\/index.php?rest_route=%2Fwp%2Fv2%2Fcomments&post=282461"}],"version-history":[{"count":0,"href":"https:\/\/jean-monnet-saar.eu\/index.php?rest_route=\/wp\/v2\/pages\/282461\/revisions"}],"wp:attachment":[{"href":"https:\/\/jean-monnet-saar.eu\/index.php?rest_route=%2Fwp%2Fv2%2Fmedia&parent=282461"}],"curies":[{"name":"wp","href":"https:\/\/api.w.org\/{rel}","templated":true}]}}