{"id":282478,"date":"2024-01-15T11:05:08","date_gmt":"2024-01-15T10:05:08","guid":{"rendered":"https:\/\/jean-monnet-saar.eu\/?page_id=282478"},"modified":"2024-01-17T17:30:00","modified_gmt":"2024-01-17T16:30:00","slug":"jean-monnet-2","status":"publish","type":"page","link":"https:\/\/jean-monnet-saar.eu\/?page_id=282478","title":{"rendered":"Jean Monnet"},"content":{"rendered":"<div class=\"wp-block-image is-style-rounded\">\n<figure class=\"aligncenter is-resized\"><img decoding=\"async\" src=\"https:\/\/jean-monnet-saar.eu\/wp-content\/uploads\/2024\/01\/yousuf-karsh-jean-monnet-1965-784x1024.jpeg\" alt=\"\" style=\"width:369px;height:auto\"\/><\/figure>\n<\/div>\n\n\n<p><\/p>\n\n\n\n<p>Jean Monnet (1888-1979), der Namensgeber unseres Blogs, war eine herausragende Pers\u00f6nlichkeit in der Geschichte der europ\u00e4ischen Integration. Als franz\u00f6sischer Politiker und Wirtschaftsberater spielte er eine entscheidende Rolle bei der Sicherung des Friedens in Europa nach dem Zweiten Weltkrieg.<\/p>\n\n\n\n<p>Er war ma\u00dfgeblich an der Entwicklung des Schuman-Plans beteiligt, der als Geburtsstunde der europ\u00e4ischen Integration gilt. Monnets \u00dcberzeugung, dass wirtschaftliche Zusammenarbeit zu politischer Einheit f\u00fchren kann, bildete die Grundlage f\u00fcr seine Vision eines friedlichen und geeinten Europas.<\/p>\n\n\n\n<p>Monnet war nicht nur ein Architekt des modernen Europas, sondern auch ein Symbol f\u00fcr die Bedeutung von Zusammenarbeit und Einheit. Sein Werk und sein Verm\u00e4chtnis inspirieren die europ\u00e4ische Politik bis heute und stehen im Mittelpunkt unseres Blogs, der sich der Erforschung und Diskussion der Ideale der europ\u00e4ischen Integration und des V\u00f6lkerrechts widmet.<\/p>\n\n\n\n<p>***<\/p>\n\n\n\n<p>Jean Monnet (1888-1979), who gave his name to our blog, was an outstanding personality in the history of European integration. As a French politician and economic advisor, he played a decisive role in securing peace in Europe after the Second World War.<\/p>\n\n\n\n<p>He was involved in the development of the Schuman Plan, which is regarded as the beginning of the European integration process. Monnet&#8217;s vision of a peaceful and united Europe was based on his belief that economic co-operation could lead to political unity.<\/p>\n\n\n\n<p>Monnet was not only an architect of modern Europe, but also a symbol of the importance of co-operation and unity. His work and legacy continue to inspire European politics and are at the centre of our blog, which is dedicated to exploring and discussing the ideals of European integration and international law.<\/p>\n","protected":false},"excerpt":{"rendered":"<p>Jean Monnet (1888-1979), der Namensgeber unseres Blogs, war eine herausragende Pers\u00f6nlichkeit in der Geschichte der europ\u00e4ischen Integration. Als franz\u00f6sischer Politiker und Wirtschaftsberater spielte er eine<\/p>\n","protected":false},"author":18,"featured_media":0,"parent":0,"menu_order":0,"comment_status":"closed","ping_status":"closed","template":"","meta":{"footnotes":""},"class_list":["post-282478","page","type-page","status-publish","hentry"],"_links":{"self":[{"href":"https:\/\/jean-monnet-saar.eu\/index.php?rest_route=\/wp\/v2\/pages\/282478","targetHints":{"allow":["GET"]}}],"collection":[{"href":"https:\/\/jean-monnet-saar.eu\/index.php?rest_route=\/wp\/v2\/pages"}],"about":[{"href":"https:\/\/jean-monnet-saar.eu\/index.php?rest_route=\/wp\/v2\/types\/page"}],"author":[{"embeddable":true,"href":"https:\/\/jean-monnet-saar.eu\/index.php?rest_route=\/wp\/v2\/users\/18"}],"replies":[{"embeddable":true,"href":"https:\/\/jean-monnet-saar.eu\/index.php?rest_route=%2Fwp%2Fv2%2Fcomments&post=282478"}],"version-history":[{"count":0,"href":"https:\/\/jean-monnet-saar.eu\/index.php?rest_route=\/wp\/v2\/pages\/282478\/revisions"}],"wp:attachment":[{"href":"https:\/\/jean-monnet-saar.eu\/index.php?rest_route=%2Fwp%2Fv2%2Fmedia&parent=282478"}],"curies":[{"name":"wp","href":"https:\/\/api.w.org\/{rel}","templated":true}]}}