{"id":282513,"date":"2024-01-15T11:31:15","date_gmt":"2024-01-15T10:31:15","guid":{"rendered":"https:\/\/jean-monnet-saar.eu\/?page_id=282513"},"modified":"2025-08-12T16:48:20","modified_gmt":"2025-08-12T15:48:20","slug":"ueber-uns-2","status":"publish","type":"page","link":"https:\/\/jean-monnet-saar.eu\/?page_id=282513","title":{"rendered":"\u00dcber uns"},"content":{"rendered":"\n<p><strong>Kontakt<\/strong><\/p>\n\n\n\n<p>F\u00fcr allgemeine <strong>Fragen zum Blog<\/strong> oder Kommentare zu unseren Beitr\u00e4gen wenden Sie sich bitte an unser Team unter <a href=\"mailto:jeanmonnetsaar@europainstitut.de\">jeanmonnetsaar@europainstitut.de<\/a><\/p>\n\n\n\n<p><\/p>\n\n\n\n<p><strong>Unser Blog<\/strong><\/p>\n\n\n\n<p><em>Jean Monnet Saar<\/em>&nbsp;ist ein Wissenschaftsblog, der seit \u00fcber zehn Jahren von Univ.-Prof. Dr. Thomas Giegerich, LL.M. (Univ. of Virginia) und seinem Team an der Universit\u00e4t des Saarlandes betrieben wird. Der Blog leistet einen aktiven Beitrag zur Open-Access-Transformation des wissenschaftlichen Publikationswesens, um das Europarecht und die Entwicklungen der europ\u00e4ischen Integration einer breiten \u00d6ffentlichkeit zug\u00e4nglich zu machen.<\/p>\n\n\n\n<p>Unser Team kann aus der reichen Tradition und fundierten Expertise des&nbsp;<a href=\"https:\/\/europainstitut.de\/\">Europa-Instituts<\/a>&nbsp;der Universit\u00e4t des Saarlandes sch\u00f6pfen. Renommierte Wissenschaftlerinnen und Wissenschaftler leisten hier wichtige Beitr\u00e4ge in Lehre und Forschung.<\/p>\n\n\n\n<p>Als Teil der dynamischen Grenzregion Saarland im Herzen Europas an der Grenze zu Frankreich und Luxemburg steht der Blog&nbsp;<em>Jean Monnet Saar<\/em>&nbsp;in einer langen Tradition der europ\u00e4ischen Integration. Unser Ziel ist es, Analysen und Beitr\u00e4ge zu den europa- und v\u00f6lkerrechtlichen Entwicklungen unkompliziert und kostenlos zur Verf\u00fcgung zu stellen. Damit soll ein wichtiger Beitrag zum Verst\u00e4ndnis und zur Diskussion europa- und v\u00f6lkerrechtlicher Fragen geleistet werden.<\/p>\n\n\n\n<p>Der Blog erf\u00fcllt alle Anforderungen, die an das wissenschaftliche Publizieren gestellt wird. Seit einiger Zeit werden Artikel des Blogs zus\u00e4tzlich auf&nbsp;<a href=\"https:\/\/intr2dok.vifa-recht.de\/content\/index.xml\">Intr\u00b2Dok<\/a>&nbsp;ver\u00f6ffentlicht, einem Open Access-Repositorium, das vom Fachinformationsdienst f\u00fcr internationale und interdisziplin\u00e4re Rechtsforschung betrieben wird. Dieser Dienst wird von der&nbsp;<a href=\"https:\/\/dfg.de\/de\">Deutschen Forschungsgemeinschaft<\/a>&nbsp;gef\u00f6rdert und befindet sich an der Staatsbibliothek zu Berlin. Diese Zusammenarbeit erh\u00f6ht die Auffindbarkeit und Reichweite der Blogbeitr\u00e4ge. Die Vergabe von Digital Object Identifiers (DOIs) steigert zudem die Sichtbarkeit der Artikel in internationalen Bibliothekskatalogen<\/p>\n\n\n\n<p>***<\/p>\n\n\n\n<p><em>Jean Monnet Saar<\/em>&nbsp;is an academic blog run for over ten years by Prof. Dr. Thomas Giegerich, LL.M. (Univ. of Virginia) and his team at Saarland University. The Blog actively contributes to the open access transformation of academic publishing in order to make European law and developments in European integration accessible to the general public.<\/p>\n\n\n\n<p>Our team benefits from the rich tradition and in-depth expertise of the&nbsp;<a href=\"https:\/\/europainstitut.de\/\">Europa-Institut<\/a>&nbsp;at Saarland University. Renowned academics contribute to teaching and research at this institution.<\/p>\n\n\n\n<p>As part of the dynamic border region of Saarland in the heart of Europe, bordering France and Luxembourg,&nbsp;<em>Jean Monnet Saar<\/em>&nbsp;continues a long tradition of European integration. Our team aims to provide straightforward, free-of-charge analyses and contributions on developments in European and international law. Our goal is to significantly contribute to the understanding and discussion of issues related to European and international law.<\/p>\n\n\n\n<p>The blog meets all requirements for academic publishing. Additionally, its articles are published on the open-access repository&nbsp;<a href=\"https:\/\/intr2dok.vifa-recht.de\/content\/index.xml\">Intr\u00b2Dok<\/a>. This service, funded by the&nbsp;<a href=\"http:\/\/dfg.de\/de\">German Research Foundation<\/a>, is housed within the Berlin State Library. The collaboration enhances the findability and reach of the blog\u2019s contributions. Furthermore, the assignment of Digital Object Identifiers (DOIs) increases the visibility of the articles in international library catalogs.<\/p>\n\n\n\n<p><strong>Unser Team<\/strong><\/p>\n\n\n\n<p>Jean-Monnet-Saar&nbsp;ist ein wissenschaftlicher Blog&nbsp;zum Europarecht und europ\u00e4ischen V\u00f6lkerrecht&nbsp;des Lehrstuhls f\u00fcr Europarecht,&nbsp;V\u00f6lkerrecht und&nbsp;\u00d6ffentliches Recht von <a href=\"https:\/\/www.uni-saarland.de\/lehrstuhl\/giegerich.html\" data-type=\"URL\" data-id=\"https:\/\/www.uni-saarland.de\/lehrstuhl\/giegerich.html\">Prof. Dr. Thomas Giegerich<\/a>.<\/p>\n\n\n<div class=\"wp-block-image is-resized is-style-rounded\">\n<figure class=\"aligncenter size-large\"><img decoding=\"async\" src=\"https:\/\/jean-monnet-saar.eu\/wp-content\/uploads\/2023\/01\/Prof_Giegerich_Foto_Oliver_Dietze-scaled.jpg\" alt=\"Portr\u00e4t Thomas Giegerich\" style=\"aspect-ratio:1.5032295948326482;object-fit:cover;width:500px\"\/><figcaption class=\"wp-element-caption\">Prof. Dr. Thomas Giegerich LL.M.<\/figcaption><\/figure>\n<\/div>\n\n\n<p><\/p>\n\n\n\n<p><strong>Kontakt<\/strong><\/p>\n\n\n\n<p>F\u00fcr allgemeine <strong>Fragen zum Blog<\/strong> oder Kommentare zu unseren Beitr\u00e4gen wenden Sie sich bitte an unser Team unter <a href=\"mailto:jeanmonnetsaar@europainstitut.de\">jeanmonnetsaar@europainstitut.de<\/a><\/p>\n\n\n\n<p><\/p>\n\n\n\n<p><strong>Managing Editor<\/strong><\/p>\n\n\n<div class=\"wp-block-image is-resized is-style-rounded\">\n<figure class=\"aligncenter size-full\"><a href=\"https:\/\/jean-monnet-saar.eu\/wp-content\/uploads\/2021\/03\/csm_Annika_03163e5ae4-1.jpg\"><img loading=\"lazy\" decoding=\"async\" width=\"1068\" height=\"1068\" src=\"https:\/\/jean-monnet-saar.eu\/wp-content\/uploads\/2023\/11\/csm_Annika_03163e5ae4-1-edited.jpg\" alt=\"\" class=\"wp-image-277304\" style=\"aspect-ratio:1;object-fit:contain;width:300px\" srcset=\"https:\/\/jean-monnet-saar.eu\/wp-content\/uploads\/2023\/11\/csm_Annika_03163e5ae4-1-edited.jpg 1068w, https:\/\/jean-monnet-saar.eu\/wp-content\/uploads\/2023\/11\/csm_Annika_03163e5ae4-1-edited-150x150.jpg 150w, https:\/\/jean-monnet-saar.eu\/wp-content\/uploads\/2023\/11\/csm_Annika_03163e5ae4-1-edited-768x768.jpg 768w\" sizes=\"auto, (max-width: 1068px) 100vw, 1068px\" \/><\/a><figcaption class=\"wp-element-caption\">Annika Blaschke<\/figcaption><\/figure>\n<\/div>\n\n\n<p>Dipl.-Jur. Annika Blaschke ist wissenschaftliche Mitarbeiterin und Doktorandin am Lehrstuhl f\u00fcr Europarecht, V\u00f6lkerrecht und \u00f6ffentliches Recht von Prof. Dr. Thomas Giegerich. Ihr Forschungsschwerpunkt liegt im Bereich des europ\u00e4ischen Grundrechtsschutzes.<\/p>\n\n\n\n<p>Kontakt: <a href=\"mailto:boddenberg@europainstitut.de\">blaschke@europainstitut.de<\/a><\/p>\n\n\n\n<p><\/p>\n\n\n\n<p><strong>Redaktionsteam<\/strong><\/p>\n\n\n\n<div class=\"wp-block-columns is-layout-flex wp-container-core-columns-is-layout-9d6595d7 wp-block-columns-is-layout-flex\">\n<div class=\"wp-block-column is-layout-flow wp-block-column-is-layout-flow\" style=\"flex-basis:100%\">\n<div class=\"wp-block-group\"><div class=\"wp-block-group__inner-container is-layout-flow wp-block-group-is-layout-flow\">\n<div class=\"wp-block-columns is-layout-flex wp-container-core-columns-is-layout-9d6595d7 wp-block-columns-is-layout-flex\">\n<div class=\"wp-block-column is-layout-flow wp-block-column-is-layout-flow\" style=\"flex-basis:100%\">\n<div class=\"wp-block-columns is-layout-flex wp-container-core-columns-is-layout-9d6595d7 wp-block-columns-is-layout-flex\">\n<div class=\"wp-block-column is-layout-flow wp-block-column-is-layout-flow\"><\/div>\n<\/div>\n\n\n\n<div class=\"wp-block-columns is-layout-flex wp-container-core-columns-is-layout-9d6595d7 wp-block-columns-is-layout-flex\">\n<div class=\"wp-block-column is-layout-flow wp-block-column-is-layout-flow\"><div class=\"wp-block-image is-style-rounded\">\n<figure class=\"aligncenter size-full is-resized\"><img loading=\"lazy\" decoding=\"async\" width=\"2560\" height=\"2560\" src=\"https:\/\/jean-monnet-saar.eu\/wp-content\/uploads\/2023\/11\/Foto_Blog-1-edited-scaled.jpg\" alt=\"\" class=\"wp-image-277928\" style=\"aspect-ratio:1;object-fit:cover;width:300px\" srcset=\"https:\/\/jean-monnet-saar.eu\/wp-content\/uploads\/2023\/11\/Foto_Blog-1-edited-scaled.jpg 2560w, https:\/\/jean-monnet-saar.eu\/wp-content\/uploads\/2023\/11\/Foto_Blog-1-edited-150x150.jpg 150w, https:\/\/jean-monnet-saar.eu\/wp-content\/uploads\/2023\/11\/Foto_Blog-1-edited-768x768.jpg 768w, https:\/\/jean-monnet-saar.eu\/wp-content\/uploads\/2023\/11\/Foto_Blog-1-edited-1536x1536.jpg 1536w, https:\/\/jean-monnet-saar.eu\/wp-content\/uploads\/2023\/11\/Foto_Blog-1-edited-2048x2048.jpg 2048w\" sizes=\"auto, (max-width: 2560px) 100vw, 2560px\" \/><figcaption class=\"wp-element-caption\">Vinzenz Boddenberg<\/figcaption><\/figure>\n<\/div>\n\n\n<p>Vinzenz Boddenberg ist Rechtsreferendar und war wissenschaftlicher Mitarbeiter und Doktorand am Lehrstuhl f\u00fcr Europarecht, V\u00f6lkerrecht und \u00f6ffentliches Recht von Prof. Dr. Thomas Giegerich. Sein Forschungsschwerpunkt liegt im Bereich des europ\u00e4ischen Medienrechts.<\/p>\n\n\n\n<p>Kontakt: <a href=\"mailto:vinzenz.boddenberg@gmx.de\">vinzenz.boddenberg@gmx.de<\/a><\/p>\n<\/div>\n\n\n\n<div class=\"wp-block-column is-layout-flow wp-block-column-is-layout-flow\"><div class=\"wp-block-image is-style-rounded\">\n<figure class=\"aligncenter size-full is-resized\"><img loading=\"lazy\" decoding=\"async\" width=\"339\" height=\"339\" src=\"https:\/\/jean-monnet-saar.eu\/wp-content\/uploads\/2024\/12\/Foto-Ralf-Michael-Gitzen_Jean-Monnet-Saar.jpg\" alt=\"\" class=\"wp-image-308203\" style=\"width:299px;height:auto\" srcset=\"https:\/\/jean-monnet-saar.eu\/wp-content\/uploads\/2024\/12\/Foto-Ralf-Michael-Gitzen_Jean-Monnet-Saar.jpg 339w, https:\/\/jean-monnet-saar.eu\/wp-content\/uploads\/2024\/12\/Foto-Ralf-Michael-Gitzen_Jean-Monnet-Saar-300x300.jpg 300w, https:\/\/jean-monnet-saar.eu\/wp-content\/uploads\/2024\/12\/Foto-Ralf-Michael-Gitzen_Jean-Monnet-Saar-150x150.jpg 150w\" sizes=\"auto, (max-width: 339px) 100vw, 339px\" \/><figcaption class=\"wp-element-caption\">Ralf Michael Gitzen<\/figcaption><\/figure>\n<\/div>\n\n\n<p>Dipl.-Jur. Ralf Michael Gitzen war wissenschaftlicher Mitarbeiter am Lehrstuhl f\u00fcr deutsches und ausl\u00e4ndisches \u00f6ffentliches Recht, Staatskirchenrecht und V\u00f6lkerrecht von Prof. Dr. Antje von Ungern-Sternberg an der Universit\u00e4t Trier und ist Doktorand ebendort. Zudem war er wissenschaftlicher Mitarbeiter am Forschungszentrum Europa an der Universit\u00e4t Trier. Derzeit ist er als wissenschaftlicher Mitarbeiter in einer internationalen Wirtschaftskanzlei t\u00e4tig. Seine Forschungs- und Interessensschwerpunkte liegen im Organisationsverfassungsrecht, im nationalen und europ\u00e4ischen Wahlrecht sowie im Bereich v\u00f6lker- und europarechtlicher Fragen autonomer Fahr- und Waffensysteme. Zudem besch\u00e4ftigen ihn Rechtsfragen der Digitalisierung.<\/p>\n<\/div>\n<\/div>\n<\/div>\n<\/div>\n<\/div><\/div>\n\n\n\n<div class=\"wp-block-columns is-layout-flex wp-container-core-columns-is-layout-9d6595d7 wp-block-columns-is-layout-flex\">\n<div class=\"wp-block-column is-layout-flow wp-block-column-is-layout-flow\"><div class=\"wp-block-image is-style-rounded\">\n<figure class=\"aligncenter size-full is-resized\"><img loading=\"lazy\" decoding=\"async\" width=\"400\" height=\"400\" src=\"https:\/\/jean-monnet-saar.eu\/wp-content\/uploads\/2024\/05\/1656537372106-1.jpeg\" alt=\"\" class=\"wp-image-295799\" style=\"width:298px;height:auto\" srcset=\"https:\/\/jean-monnet-saar.eu\/wp-content\/uploads\/2024\/05\/1656537372106-1.jpeg 400w, https:\/\/jean-monnet-saar.eu\/wp-content\/uploads\/2024\/05\/1656537372106-1-300x300.jpeg 300w, https:\/\/jean-monnet-saar.eu\/wp-content\/uploads\/2024\/05\/1656537372106-1-150x150.jpeg 150w\" sizes=\"auto, (max-width: 400px) 100vw, 400px\" \/><figcaption class=\"wp-element-caption\">Jan Philipp Huth<\/figcaption><\/figure>\n<\/div>\n\n\n<div class=\"wp-block-columns is-layout-flex wp-container-core-columns-is-layout-9d6595d7 wp-block-columns-is-layout-flex\">\n<div class=\"wp-block-column is-layout-flow wp-block-column-is-layout-flow\" style=\"flex-basis:100%\">\n<p>Jan Philipp Huth ist Doktorand am Lehrstuhl f\u00fcr \u00d6ffentliches Recht, insbesondere Europarecht von Prof. Dr. Carsten Nowak an der Europa-Universit\u00e4t Viadrina Frankfurt (Oder) sowie wissenschaftlicher Mitarbeiter von Prof. Dr. Steffen Hindelang, LL.M. (Universit\u00e4t Uppsala\/CELIS Institute Berlin) und assoziierter Doktorand im DFG-Gradudiertenkolleg &#8222;DynamInt&#8220; an der Humboldt-Universit\u00e4t Berlin. Seine Forschungs- und Interessensschwerpunkte liegen im Europ\u00e4ischen Verfassungsrecht, der Rechtstheorie sowie dem Schiedsverfahrensrecht und (internationalen) Investitionsschutzrecht.<\/p>\n\n\n\n<p>Kontakt: <a href=\"mailto:jan.philipp.huth@hu-berlin.de\" target=\"_blank\" rel=\"noreferrer noopener\">jan.philipp.huth@hu-berlin.de<\/a><\/p>\n<\/div>\n<\/div>\n<\/div>\n\n\n\n<div class=\"wp-block-column is-layout-flow wp-block-column-is-layout-flow\"><div class=\"wp-block-image is-resized is-style-rounded\">\n<figure class=\"aligncenter size-large\"><a href=\"https:\/\/jean-monnet-saar.eu\/wp-content\/uploads\/2021\/09\/Lebenslauf-Foto-1-1024x683neu.jpg\"><img loading=\"lazy\" decoding=\"async\" width=\"762\" height=\"683\" src=\"https:\/\/jean-monnet-saar.eu\/wp-content\/uploads\/2021\/09\/Lebenslauf-Foto-1-1024x683neu.jpg\" alt=\"\" class=\"wp-image-93612\" style=\"aspect-ratio:1;object-fit:cover;width:298px;height:auto\" srcset=\"https:\/\/jean-monnet-saar.eu\/wp-content\/uploads\/2021\/09\/Lebenslauf-Foto-1-1024x683neu.jpg 762w, https:\/\/jean-monnet-saar.eu\/wp-content\/uploads\/2021\/09\/Lebenslauf-Foto-1-1024x683neu-300x269.jpg 300w\" sizes=\"auto, (max-width: 762px) 100vw, 762px\" \/><\/a><figcaption class=\"wp-element-caption\">Dennis Traudt<\/figcaption><\/figure>\n<\/div>\n\n\n<div class=\"wp-block-columns is-layout-flex wp-container-core-columns-is-layout-9d6595d7 wp-block-columns-is-layout-flex\">\n<div class=\"wp-block-column is-layout-flow wp-block-column-is-layout-flow\" style=\"flex-basis:100%\">\n<p>Dipl.-Jur. Dennis Traudt ist wissenschaftlicher Mitarbeiter und Doktorand am Lehrstuhl f\u00fcr Europarecht, V\u00f6lkerrecht und \u00f6ffentliches Recht von Prof. Dr. Thomas Giegerich. Sein Forschungs- und Interessenschwerpunkt liegt im Bereich der ausw\u00e4rtigen Beziehungen der Europ\u00e4ischen Union und des europ\u00e4ischen Menschenrechtsschutzes.<\/p>\n<\/div>\n<\/div>\n\n\n\n<p>Kontakt: <a rel=\"noreferrer noopener\" href=\"mailto:traudt@europainstitut.de\" target=\"_blank\">traudt@europainstitut.de<\/a><\/p>\n<\/div>\n<\/div>\n<\/div>\n<\/div>\n\n\n\n<div class=\"wp-block-columns is-layout-flex wp-container-core-columns-is-layout-9d6595d7 wp-block-columns-is-layout-flex\">\n<div class=\"wp-block-column is-layout-flow wp-block-column-is-layout-flow\">\n<p><strong>Wissenschaftlicher Beirat<\/strong><\/p>\n\n\n\n<p><a href=\"https:\/\/www.jura.uni-wuerzburg.de\/lehrstuehle\/schmahl\/\" data-type=\"URL\" data-id=\"https:\/\/www.jura.uni-wuerzburg.de\/lehrstuehle\/schmahl\/\">Prof. Dr. Stefanie Schmahl LL.M.<\/a>, Lehrstuhl f\u00fcr deutsches und ausl\u00e4ndisches \u00f6ffentliches Recht, V\u00f6lkerrecht und Europarecht, Universit\u00e4t W\u00fcrzburg<\/p>\n\n\n\n<p><a href=\"https:\/\/www.unifr.ch\/ius\/epiney\/de\/\" data-type=\"URL\" data-id=\"https:\/\/www.unifr.ch\/ius\/epiney\/de\/\">Prof. Dr. Astrid Epiney LL.M.<\/a>, Lehrstuhl f\u00fcr Europarecht, V\u00f6lkerrecht und \u00f6ffentliches Recht, Universit\u00e9 de Fribourg<\/p>\n\n\n\n<p><a href=\"https:\/\/www.jura.fu-berlin.de\/fachbereich\/einrichtungen\/oeffentliches-recht\/lehrende\/calliessc\/professur\/jeanmonnetchair\/index.html\" data-type=\"URL\" data-id=\"https:\/\/www.jura.fu-berlin.de\/fachbereich\/einrichtungen\/oeffentliches-recht\/lehrende\/calliessc\/professur\/jeanmonnetchair\/index.html\">Prof. Dr. Christian Calliess LL.M. Eur<\/a>, Jean Monnet Lehrstuhl f\u00fcr Europ\u00e4ische Integration, Freie Universit\u00e4t Berlin<\/p>\n<\/div>\n<\/div>\n","protected":false},"excerpt":{"rendered":"<p>Kontakt F\u00fcr allgemeine Fragen zum Blog oder Kommentare zu unseren Beitr\u00e4gen wenden Sie sich bitte an unser Team unter jeanmonnetsaar@europainstitut.de Unser Blog Jean Monnet Saar&nbsp;ist<\/p>\n","protected":false},"author":18,"featured_media":0,"parent":0,"menu_order":0,"comment_status":"closed","ping_status":"closed","template":"","meta":{"footnotes":""},"class_list":["post-282513","page","type-page","status-publish","hentry"],"_links":{"self":[{"href":"https:\/\/jean-monnet-saar.eu\/index.php?rest_route=\/wp\/v2\/pages\/282513","targetHints":{"allow":["GET"]}}],"collection":[{"href":"https:\/\/jean-monnet-saar.eu\/index.php?rest_route=\/wp\/v2\/pages"}],"about":[{"href":"https:\/\/jean-monnet-saar.eu\/index.php?rest_route=\/wp\/v2\/types\/page"}],"author":[{"embeddable":true,"href":"https:\/\/jean-monnet-saar.eu\/index.php?rest_route=\/wp\/v2\/users\/18"}],"replies":[{"embeddable":true,"href":"https:\/\/jean-monnet-saar.eu\/index.php?rest_route=%2Fwp%2Fv2%2Fcomments&post=282513"}],"version-history":[{"count":2,"href":"https:\/\/jean-monnet-saar.eu\/index.php?rest_route=\/wp\/v2\/pages\/282513\/revisions"}],"predecessor-version":[{"id":322613,"href":"https:\/\/jean-monnet-saar.eu\/index.php?rest_route=\/wp\/v2\/pages\/282513\/revisions\/322613"}],"wp:attachment":[{"href":"https:\/\/jean-monnet-saar.eu\/index.php?rest_route=%2Fwp%2Fv2%2Fmedia&parent=282513"}],"curies":[{"name":"wp","href":"https:\/\/api.w.org\/{rel}","templated":true}]}}