{"id":282687,"date":"2024-01-15T15:10:13","date_gmt":"2024-01-15T14:10:13","guid":{"rendered":"https:\/\/jean-monnet-saar.eu\/?page_id=282687"},"modified":"2024-01-15T17:48:13","modified_gmt":"2024-01-15T16:48:13","slug":"2023-2","status":"publish","type":"page","link":"https:\/\/jean-monnet-saar.eu\/?page_id=282687","title":{"rendered":"2023"},"content":{"rendered":"\n<ul class=\"wp-block-list\">\n<li><a href=\"https:\/\/jean-monnet-saar.eu\/?page_id=282046\">Thomas Giegerich \u2013 The Human Right to Democracy in Multilevel Systems of Government at a Time of Democratic Backsliding (12\/23)<\/a><\/li>\n\n\n\n<li><a href=\"https:\/\/jean-monnet-saar.eu\/?page_id=278654\">Merle Arndt \u2013 Ein Update zum Fall Ukraine v. Russland (IGH) (11\/23)<\/a><\/li>\n\n\n\n<li><a href=\"https:\/\/jean-monnet-saar.eu\/?page_id=272988\">Karoline Dolgowski and Dennis Traudt \u2013 Post-BREXIT headaches: The CJEU\u2019s recent judgments on the withdrawal of EU citizenship from British expats (09\/23)<\/a><\/li>\n\n\n\n<li><a href=\"https:\/\/jean-monnet-saar.eu\/?page_id=261900\">Thomas Giegerich \u2013 Die Europ\u00e4ische Union als Friedensmacht: Eine Europ\u00e4ische Verteidigungsunion muss jetzt gegr\u00fcndet werden (05\/23)<\/a><\/li>\n\n\n\n<li><a href=\"https:\/\/jean-monnet-saar.eu\/?page_id=261372\">Mel Kenny \u2013 The&nbsp;<em>Windsor Framework<\/em>: Finding a&nbsp;<em>New Way Forward&nbsp;<\/em>for EU\/UK relations? (05\/23)<\/a><\/li>\n\n\n\n<li><a href=\"https:\/\/jean-monnet-saar.eu\/?page_id=254332\">Thomas Giegerich \u2013 Genozid gegen die Ukraine: Verh\u00fctung, Erinnerung, Aufarbeitung und S\u00fchnung historischer und aktueller V\u00f6lkermordverbrechen (2\/23)<\/a><\/li>\n<\/ul>\n","protected":false},"excerpt":{"rendered":"","protected":false},"author":18,"featured_media":0,"parent":0,"menu_order":0,"comment_status":"closed","ping_status":"closed","template":"","meta":{"footnotes":""},"class_list":["post-282687","page","type-page","status-publish","hentry"],"_links":{"self":[{"href":"https:\/\/jean-monnet-saar.eu\/index.php?rest_route=\/wp\/v2\/pages\/282687","targetHints":{"allow":["GET"]}}],"collection":[{"href":"https:\/\/jean-monnet-saar.eu\/index.php?rest_route=\/wp\/v2\/pages"}],"about":[{"href":"https:\/\/jean-monnet-saar.eu\/index.php?rest_route=\/wp\/v2\/types\/page"}],"author":[{"embeddable":true,"href":"https:\/\/jean-monnet-saar.eu\/index.php?rest_route=\/wp\/v2\/users\/18"}],"replies":[{"embeddable":true,"href":"https:\/\/jean-monnet-saar.eu\/index.php?rest_route=%2Fwp%2Fv2%2Fcomments&post=282687"}],"version-history":[{"count":0,"href":"https:\/\/jean-monnet-saar.eu\/index.php?rest_route=\/wp\/v2\/pages\/282687\/revisions"}],"wp:attachment":[{"href":"https:\/\/jean-monnet-saar.eu\/index.php?rest_route=%2Fwp%2Fv2%2Fmedia&parent=282687"}],"curies":[{"name":"wp","href":"https:\/\/api.w.org\/{rel}","templated":true}]}}