{"id":306538,"date":"2024-11-27T14:54:22","date_gmt":"2024-11-27T13:54:22","guid":{"rendered":"https:\/\/jean-monnet-saar.eu\/?page_id=306538"},"modified":"2025-03-06T15:25:45","modified_gmt":"2025-03-06T14:25:45","slug":"fuer-autorinnen-und-autoren","status":"publish","type":"page","link":"https:\/\/jean-monnet-saar.eu\/?page_id=306538","title":{"rendered":"F\u00fcr Autorinnen und Autoren"},"content":{"rendered":"\n<p>Mit dem Ziel, das Europarecht und die Entwicklungen der europ\u00e4ische Integration auch \u00fcber den universit\u00e4ren Bereich hinaus einer breiten \u00d6ffentlichkeit zug\u00e4nglich und verst\u00e4ndlich zu machen, betreibt&nbsp;<a href=\"https:\/\/www.uni-saarland.de\/lehrstuhl\/giegerich.html\">Prof. Dr. Thomas Giegerich<\/a>&nbsp;und sein Team seit Februar 2014 den Blog&nbsp;<em>Jean Monnet Saar<\/em>. Wir laden dazu Interessierte herzlich ein, Texte auf Deutsch oder Englisch zur Ver\u00f6ffentlichung einzureichen.<br><br><strong>Ver\u00f6ffentlichungsformate<\/strong><br><em>Jean Monnet Saar<\/em>&nbsp;bietet in den folgenden drei Kategorien Analysen und Stellungnahmen zu aktuellen und interessanten Rechtsfragen der europ\u00e4ischen Integration. Interdisziplin\u00e4re Beitr\u00e4ge sind ebenfalls willkommen.<\/p>\n\n\n\n<p><strong><a href=\"https:\/\/jean-monnet-saar.eu\/?page_id=302101\">Saar Case Notes<\/a><\/strong>: Die Saar Case Notes sind eine Sammlung von Anmerkungen zu aktuellen Urteilen mit europa- und v\u00f6lkerrechtlichem Bezug. Die Anmerkungen sollten maximal 1.250 W\u00f6rter umfassen.<\/p>\n\n\n\n<p><strong><a href=\"https:\/\/jean-monnet-saar.eu\/?page_id=73\">Saar Briefs<\/a><em>&nbsp;<\/em><\/strong>(ISSN:2749-0874): Die&nbsp;<em>Saar Briefs<\/em>&nbsp;sind kurze und pr\u00e4gnante, aber wissenschaftlich fundierte Analysen zu aktuellen Themen der europ\u00e4ischen Integration und des EU-Rechts sowie des V\u00f6lkerrechts und des nationalen Rechts mit Europabezug. Die Beitr\u00e4ge sollten eine L\u00e4nge von 4.000 W\u00f6rtern nicht \u00fcberschreiten.<\/p>\n\n\n\n<p><strong><a href=\"https:\/\/jean-monnet-saar.eu\/?page_id=67\">Saar Blueprints<\/a><em>\u00a0<\/em><\/strong>(ISSN: 2199-0050): Bei den\u00a0<em>Saar Blueprints<\/em>\u00a0handelt es sich um eine E-Paper Serie, die vor allem dem wissenschaftlichen Nachwuchs die M\u00f6glichkeit bietet, sich wissenschaftlich fundiert zu Themen der europ\u00e4ischen Integration zu \u00e4u\u00dfern. Der Umfang eines Beitrags sollte zwischen 4.000 und 6.000 W\u00f6rtern liegen. Umfangreichere Beitr\u00e4ge sind jedoch willkommen, sofern dies f\u00fcr die thematische Vertiefung sinnvoll erscheint.<\/p>\n\n\n\n<p><strong><a href=\"https:\/\/jean-monnet-saar.eu\/?page_id=70\">Saar Expert Papers<\/a><em>\u00a0<\/em><\/strong>(ISSN: 2199-0069): Die\u00a0<em>Saar Expert Papers\u00a0<\/em>sind eine Sammlung von Fachbeitr\u00e4gen, die von Experten verfasst und \u00fcber das Portal in elektronischer Form einer breiten \u00d6ffentlichkeit zug\u00e4nglich gemacht werden. Der Umfang eines Beitrags sollte zwischen 4.000 und 6.000 W\u00f6rtern liegen. Umfangreichere Beitr\u00e4ge sind jedoch willkommen, sofern dies f\u00fcr die thematische Vertiefung sinnvoll erscheint.<\/p>\n\n\n\n<p><strong>Kontakt<\/strong>: F\u00fcr R\u00fcckfragen oder die Einreichung von Beitr\u00e4gen nutzen Sie bitte&nbsp;<a href=\"mailto:jeanmonnetsaar@europainstitut.de\"><strong>jeanmonnetsaar@europainstitut.de<\/strong><\/a>.<br><br>Wir freuen uns auf Ihren Beitrag!<\/p>\n\n\n\n<p><br>***<\/p>\n\n\n\n<h2 class=\"wp-block-heading\">For authors<\/h2>\n\n\n\n<p>With the aim of making European law and developments in European integration accessible to the general public beyond the university,&nbsp;<a href=\"https:\/\/www.uni-saarland.de\/lehrstuhl\/giegerich.html\">Prof. Dr. Giegerich<\/a>&nbsp;and his team have been running the academic Blog<em>&nbsp;Jean Monnet Saar<\/em>&nbsp;since February 2014. We cordially invite interested authors to submit papers in either English or German for publication.<br><br><strong>Publication Formats<\/strong><br><em>Jean Monnet Saar&nbsp;<\/em>offers analyses and comments about current and compelling legal issues in European integration within the following three categories. Interdisciplinary contributions are also encouraged.<\/p>\n\n\n\n<p><br><strong><a href=\"https:\/\/jean-monnet-saar.eu\/?page_id=302101\">Saar Case Notes<\/a><\/strong>: The Saar Case Notes are a collection of comments on current judgements regarding EU law or public international law. The Case Notes should not exceed 1,250 words.<\/p>\n\n\n\n<p><strong><a href=\"https:\/\/jean-monnet-saar.eu\/?page_id=73\">Saar Briefs<\/a><\/strong>&nbsp;(ISSN:2749-0874):&nbsp;<em>Saar Briefs<\/em>&nbsp;are concise science-based analyses of current topics of European integration and EU law as well as international law and national law with a European focus. Submissions should not exceed 4,000 words.<\/p>\n\n\n\n<p><strong><a href=\"https:\/\/jean-monnet-saar.eu\/?page_id=67\">Saar Blueprints<\/a><\/strong>\u00a0(ISSN: 2199-0050):\u00a0<em>Saar Blueprints<\/em>\u00a0are part of an e-paper-series, designed to provide the opportunity, especially for young academics, to analyze and comment on questions related to European Integration. Contributions for this category should range from approximately 4,000 to 6,000 words. However, more extensive contributions are welcome if they seem useful for a deeper exploration of the topic.<\/p>\n\n\n\n<p><strong><a href=\"https:\/\/jean-monnet-saar.eu\/?page_id=70\">Saar Expert Papers<\/a><\/strong>\u00a0(ISSN: 2199-0069):\u00a0<em>Saar Expert Papers<\/em>\u00a0are a collection of academic analyses written by specialists and addressed to the general public in electronic form. Contributions for this category should also range from approximately 4,000 to 6,000 words. However, more extensive contributions are welcome if they seem useful for a deeper exploration of the topic.<\/p>\n\n\n\n<p><strong>Contact<\/strong>: Please direct any queries or send your submissions to&nbsp;<a href=\"mailto:jeanmonnetsaar@europainstitut.de\"><strong>jeanmonnetsaar@europainstitut.de<\/strong><\/a>.<br><br>We look forward to receiving your contributions!<\/p>\n","protected":false},"excerpt":{"rendered":"<p>Mit dem Ziel, das Europarecht und die Entwicklungen der europ\u00e4ische Integration auch \u00fcber den universit\u00e4ren Bereich hinaus einer breiten \u00d6ffentlichkeit zug\u00e4nglich und verst\u00e4ndlich zu machen,<\/p>\n","protected":false},"author":18,"featured_media":0,"parent":0,"menu_order":0,"comment_status":"closed","ping_status":"closed","template":"","meta":{"footnotes":""},"class_list":["post-306538","page","type-page","status-publish","hentry"],"_links":{"self":[{"href":"https:\/\/jean-monnet-saar.eu\/index.php?rest_route=\/wp\/v2\/pages\/306538","targetHints":{"allow":["GET"]}}],"collection":[{"href":"https:\/\/jean-monnet-saar.eu\/index.php?rest_route=\/wp\/v2\/pages"}],"about":[{"href":"https:\/\/jean-monnet-saar.eu\/index.php?rest_route=\/wp\/v2\/types\/page"}],"author":[{"embeddable":true,"href":"https:\/\/jean-monnet-saar.eu\/index.php?rest_route=\/wp\/v2\/users\/18"}],"replies":[{"embeddable":true,"href":"https:\/\/jean-monnet-saar.eu\/index.php?rest_route=%2Fwp%2Fv2%2Fcomments&post=306538"}],"version-history":[{"count":0,"href":"https:\/\/jean-monnet-saar.eu\/index.php?rest_route=\/wp\/v2\/pages\/306538\/revisions"}],"wp:attachment":[{"href":"https:\/\/jean-monnet-saar.eu\/index.php?rest_route=%2Fwp%2Fv2%2Fmedia&parent=306538"}],"curies":[{"name":"wp","href":"https:\/\/api.w.org\/{rel}","templated":true}]}}