{"id":312192,"date":"2025-02-12T13:44:38","date_gmt":"2025-02-12T12:44:38","guid":{"rendered":"https:\/\/jean-monnet-saar.eu\/?page_id=312192"},"modified":"2025-11-24T10:05:23","modified_gmt":"2025-11-24T09:05:23","slug":"2025-2","status":"publish","type":"page","link":"https:\/\/jean-monnet-saar.eu\/?page_id=312192","title":{"rendered":"2025"},"content":{"rendered":"\n<ul class=\"wp-block-list\">\n<li><a href=\"https:\/\/jean-monnet-saar.eu\/?p=322884\">Thomas Giegerich: Der EUGH und der EGMR &#8211; L\u00f6sung in Sicht f\u00fcr den EMRK-Beitritt der EU? (11\/25)<\/a><\/li>\n\n\n\n<li><a href=\"https:\/\/jean-monnet-saar.eu\/?p=322844\">Thomas Giegerich: Ist das V\u00f6lkerrecht wirklich ohnm\u00e4chtig? (11\/25)<\/a><\/li>\n\n\n\n<li><a href=\"https:\/\/jean-monnet-saar.eu\/?p=322728\">Thomas Giegerich\u2019s book \u201cThe Human Right to Democracy in Multilevel Systems at a Time of Democratic Backsliding&nbsp;\u2013 Global, Regional and European Union Perspectives\u201d has just been published online by Springer Nature (open access) (10\/25)<\/a><\/li>\n\n\n\n<li><a href=\"https:\/\/jean-monnet-saar.eu\/?p=322659\">Hava Yurttag\u00fcl: The European Parliament &amp; Whistleblowers: Case analysis of the General Court ruling TU v European Parliament (T-793\/22) (09\/25)<\/a><\/li>\n\n\n\n<li><a href=\"https:\/\/jean-monnet-saar.eu\/?p=322617\">Bojan Petkovi\u0107: F\u00fcnf Jahre PSPP-Urteil des Bundesverfassungsgerichts: \u00dcberlegungen zu einem k\u00fcnftigen Vertragsverletzungsverfahren wegen der Ultra-vires-Rechtsprechung (08\/25)<\/a><\/li>\n\n\n\n<li><a href=\"https:\/\/jean-monnet-saar.eu\/?p=322593\">Ankit Malhotra: Rule of Law in German and European Foreign Policy: The Use of Rule-of-Law Clauses in International Treaties (08\/25)<\/a><\/li>\n\n\n\n<li><a href=\"https:\/\/jean-monnet-saar.eu\/?p=322576\">E. Prema\/Ragul O.V.: Germany and the EU: Safeguarding the Rule of Law in Troubled Times (08\/25)<\/a><\/li>\n\n\n\n<li><a href=\"https:\/\/jean-monnet-saar.eu\/?p=322563\">Eva Ghazari-Arndt: Zur Bedeutung und Effektivit\u00e4t des Artikel-7 EUV-Verfahrens (08\/25)&nbsp;<\/a><\/li>\n\n\n\n<li><a href=\"https:\/\/jean-monnet-saar.eu\/?p=322524\">Moon Hwan Lee: Factual Silence as Rule of Law Evasion: Adverse Inference and the Evidentiary Collapse of EU Accountability (07\/25)<\/a><\/li>\n\n\n\n<li><a href=\"https:\/\/jean-monnet-saar.eu\/?p=322499\">Benedikt Riedl: Dezentrale Herrschaftskontrolle als Teil der Verbundverfassung \u2013 Eine Replik auf Thomas Giegerich (07\/25)<\/a><\/li>\n\n\n\n<li><a href=\"https:\/\/jean-monnet-saar.eu\/?p=322487\">Thomas Giegerich: Vom Gordischen Knoten zum Ei des Kolumbus im Europaverfassungsrecht: Den Ultra-vires-Konflikt hat Benedikt Riedl in der Frankfurter Allgemeinen Zeitung nicht eingehegt (07\/25)<\/a><\/li>\n\n\n\n<li><a href=\"https:\/\/jean-monnet-saar.eu\/?p=317453\">William Wulff: A Belgian Call-In Proposal: Joining the EU Trend, But Questions Remain (04\/25)<\/a> <\/li>\n\n\n\n<li><a href=\"https:\/\/jean-monnet-saar.eu\/?p=315651\">Thomas Giegerich: Der Mensch als \u201eMa\u00df aller Dinge\u201c im V\u00f6lkerrecht, Europarecht und Grundgesetz (03\/25)<\/a><\/li>\n\n\n\n<li><a href=\"https:\/\/jean-monnet-saar.eu\/?p=312112\">Lucca Kaltenecker: Watching Big Brother \u2013 Das EGMR-Urteil in den Rechtssachen Pietrzak und Bychawska-Siniarska u.a. gegen Polen (02\/25)<\/a> <\/li>\n<\/ul>\n\n\n\n<p><\/p>\n","protected":false},"excerpt":{"rendered":"","protected":false},"author":18,"featured_media":0,"parent":0,"menu_order":0,"comment_status":"closed","ping_status":"closed","template":"","meta":{"footnotes":""},"class_list":["post-312192","page","type-page","status-publish","hentry"],"_links":{"self":[{"href":"https:\/\/jean-monnet-saar.eu\/index.php?rest_route=\/wp\/v2\/pages\/312192","targetHints":{"allow":["GET"]}}],"collection":[{"href":"https:\/\/jean-monnet-saar.eu\/index.php?rest_route=\/wp\/v2\/pages"}],"about":[{"href":"https:\/\/jean-monnet-saar.eu\/index.php?rest_route=\/wp\/v2\/types\/page"}],"author":[{"embeddable":true,"href":"https:\/\/jean-monnet-saar.eu\/index.php?rest_route=\/wp\/v2\/users\/18"}],"replies":[{"embeddable":true,"href":"https:\/\/jean-monnet-saar.eu\/index.php?rest_route=%2Fwp%2Fv2%2Fcomments&post=312192"}],"version-history":[{"count":15,"href":"https:\/\/jean-monnet-saar.eu\/index.php?rest_route=\/wp\/v2\/pages\/312192\/revisions"}],"predecessor-version":[{"id":322896,"href":"https:\/\/jean-monnet-saar.eu\/index.php?rest_route=\/wp\/v2\/pages\/312192\/revisions\/322896"}],"wp:attachment":[{"href":"https:\/\/jean-monnet-saar.eu\/index.php?rest_route=%2Fwp%2Fv2%2Fmedia&parent=312192"}],"curies":[{"name":"wp","href":"https:\/\/api.w.org\/{rel}","templated":true}]}}