{"id":313904,"date":"2025-03-06T14:47:16","date_gmt":"2025-03-06T13:47:16","guid":{"rendered":"https:\/\/jean-monnet-saar.eu\/?page_id=313904"},"modified":"2025-03-06T15:20:04","modified_gmt":"2025-03-06T14:20:04","slug":"kategorien","status":"publish","type":"page","link":"https:\/\/jean-monnet-saar.eu\/?page_id=313904","title":{"rendered":"Kategorien"},"content":{"rendered":"\n<p>Die folgende Liste enth\u00e4lt eine Kategorisierung der Beitr\u00e4ge ab 2023. <\/p>\n\n\n\n<p><a href=\"https:\/\/jean-monnet-saar.eu\/?cat=740\">Aktuelles<\/a><br><a href=\"https:\/\/jean-monnet-saar.eu\/?cat=758\">Antidiskriminierung<\/a> <br><a href=\"https:\/\/jean-monnet-saar.eu\/?cat=718\">BREXIT<\/a><br><a href=\"https:\/\/jean-monnet-saar.eu\/?cat=717\">Europ\u00e4ischer Gerichtshof f\u00fcr Menschenrechte (EGMR)<\/a><br><a href=\"https:\/\/jean-monnet-saar.eu\/?cat=763\">EU-Binnenmarkt <br><\/a><a href=\"https:\/\/jean-monnet-saar.eu\/?cat=746\">Europ\u00e4ischer Gerichtshof (<\/a><a href=\"https:\/\/jean-monnet-saar.eu\/?cat=746\">EuGH)<\/a><br><a href=\"https:\/\/jean-monnet-saar.eu\/?cat=712\">Europ\u00e4isches V\u00f6lkerrecht<br><\/a><a href=\"https:\/\/jean-monnet-saar.eu\/?cat=713\">Europarecht<\/a><br><a href=\"https:\/\/jean-monnet-saar.eu\/?cat=724\">Globaler Menschenrechtsschutz<br><\/a><a href=\"https:\/\/jean-monnet-saar.eu\/?cat=741\">Klimaschutz <\/a><a href=\"https:\/\/jean-monnet-saar.eu\/?cat=806\"><br><\/a><a href=\"https:\/\/jean-monnet-saar.eu\/?cat=722\">Verfassungsrecht <\/a><br><a href=\"https:\/\/jean-monnet-saar.eu\/?cat=790\">Verwaltungsrecht <\/a><br><a href=\"https:\/\/jean-monnet-saar.eu\/?cat=719\">V\u00f6lker- und Europarecht<br><\/a><a href=\"https:\/\/jean-monnet-saar.eu\/?cat=720\">V\u00f6lkerrecht<\/a>  <br><a href=\"https:\/\/jean-monnet-saar.eu\/?cat=824\">Online Symposium: AI-Regulation in the EU<\/a><\/p>\n\n\n\n<p><a href=\"https:\/\/jean-monnet-saar.eu\/?cat=1\">Archiv<\/a><\/p>\n\n\n\n<p>***<\/p>\n\n\n\n<p><strong>Categories<\/strong><\/p>\n\n\n\n<p>The following list contains a categorisation of the contributions starting from 2023.<\/p>\n\n\n\n<p><a href=\"https:\/\/jean-monnet-saar.eu\/?cat=740\">News<\/a><br><a href=\"https:\/\/jean-monnet-saar.eu\/?cat=790\">Administrative Law<\/a><br><a href=\"https:\/\/jean-monnet-saar.eu\/?cat=758\">Anti-Discrimination<br><\/a><a href=\"https:\/\/jean-monnet-saar.eu\/?cat=718\">Brexit<\/a><br><a href=\"https:\/\/jean-monnet-saar.eu\/?cat=746\">CJEU (Court of Justice of the European Union)<\/a><br><a href=\"https:\/\/jean-monnet-saar.eu\/?cat=741\">Climate Protection<\/a><br><a href=\"https:\/\/jean-monnet-saar.eu\/?cat=722\">Constitutional Law<\/a><br><a href=\"https:\/\/jean-monnet-saar.eu\/?cat=717\">ECHR (European Court of Human Rights)<br><\/a><a href=\"https:\/\/jean-monnet-saar.eu\/?cat=763\">EU Internal Market<\/a><br><a href=\"https:\/\/jean-monnet-saar.eu\/?cat=713\">European Law<\/a><a href=\"https:\/\/jean-monnet-saar.eu\/?cat=746\"><br><\/a><a href=\"https:\/\/jean-monnet-saar.eu\/?cat=712\">European Public International Law<\/a><a href=\"https:\/\/jean-monnet-saar.eu\/?cat=713\"><br><\/a><a href=\"https:\/\/jean-monnet-saar.eu\/?cat=724\">Global Human Rights Protection<\/a><br><a href=\"https:\/\/jean-monnet-saar.eu\/?cat=719\">International and European Law<\/a><a href=\"https:\/\/jean-monnet-saar.eu\/?cat=719\"><br><\/a><a href=\"https:\/\/jean-monnet-saar.eu\/?cat=720\">Public International Law<br><\/a><a href=\"https:\/\/jean-monnet-saar.eu\/?cat=824\">Online Symposium: AI Regulation in the EU<\/a><\/p>\n\n\n\n<p><a href=\"https:\/\/jean-monnet-saar.eu\/?cat=1\">Archive<\/a><\/p>\n","protected":false},"excerpt":{"rendered":"<p>Die folgende Liste enth\u00e4lt eine Kategorisierung der Beitr\u00e4ge ab 2023. AktuellesAntidiskriminierung BREXITEurop\u00e4ischer Gerichtshof f\u00fcr Menschenrechte (EGMR)EU-Binnenmarkt Europ\u00e4ischer Gerichtshof (EuGH)Europ\u00e4isches V\u00f6lkerrechtEuroparechtGlobaler MenschenrechtsschutzKlimaschutz Verfassungsrecht Verwaltungsrecht V\u00f6lker- und<\/p>\n","protected":false},"author":18,"featured_media":0,"parent":0,"menu_order":0,"comment_status":"closed","ping_status":"closed","template":"","meta":{"footnotes":""},"class_list":["post-313904","page","type-page","status-publish","hentry"],"_links":{"self":[{"href":"https:\/\/jean-monnet-saar.eu\/index.php?rest_route=\/wp\/v2\/pages\/313904","targetHints":{"allow":["GET"]}}],"collection":[{"href":"https:\/\/jean-monnet-saar.eu\/index.php?rest_route=\/wp\/v2\/pages"}],"about":[{"href":"https:\/\/jean-monnet-saar.eu\/index.php?rest_route=\/wp\/v2\/types\/page"}],"author":[{"embeddable":true,"href":"https:\/\/jean-monnet-saar.eu\/index.php?rest_route=\/wp\/v2\/users\/18"}],"replies":[{"embeddable":true,"href":"https:\/\/jean-monnet-saar.eu\/index.php?rest_route=%2Fwp%2Fv2%2Fcomments&post=313904"}],"version-history":[{"count":0,"href":"https:\/\/jean-monnet-saar.eu\/index.php?rest_route=\/wp\/v2\/pages\/313904\/revisions"}],"wp:attachment":[{"href":"https:\/\/jean-monnet-saar.eu\/index.php?rest_route=%2Fwp%2Fv2%2Fmedia&parent=313904"}],"curies":[{"name":"wp","href":"https:\/\/api.w.org\/{rel}","templated":true}]}}