{"id":314060,"date":"2025-03-06T15:27:03","date_gmt":"2025-03-06T14:27:03","guid":{"rendered":"https:\/\/jean-monnet-saar.eu\/?page_id=314060"},"modified":"2025-03-06T15:28:39","modified_gmt":"2025-03-06T14:28:39","slug":"paper-series","status":"publish","type":"page","link":"https:\/\/jean-monnet-saar.eu\/?page_id=314060","title":{"rendered":"E-Paper Series"},"content":{"rendered":"\n<p>Neben den klassischen Blog-Formaten bieten wir die Ver\u00f6ffentlichung von Beitr\u00e4gen im E-Paper-Format an, um l\u00e4ngere Abhandlungen einer breiten \u00d6ffentlichkeit zur Verf\u00fcgung zu stellen.<\/p>\n\n\n\n<p><strong><a href=\"https:\/\/jean-monnet-saar.eu\/?page_id=67\">Saar Blueprints<\/a><em>&nbsp;<\/em><\/strong>(ISSN: 2199-0050): Bei den&nbsp;<em>Saar Blueprints<\/em>&nbsp;handelt es sich um eine E-Paper Serie, die vor allem dem wissenschaftlichen Nachwuchs die M\u00f6glichkeit bietet, sich wissenschaftlich fundiert zu Themen der europ\u00e4ischen Integration zu \u00e4u\u00dfern. Der Umfang eines Beitrags sollte zwischen 4.000 und 6.000 W\u00f6rtern liegen. Umfangreichere Beitr\u00e4ge sind jedoch willkommen, sofern dies f\u00fcr die thematische Vertiefung sinnvoll erscheint.<\/p>\n\n\n\n<p><strong><a href=\"https:\/\/jean-monnet-saar.eu\/?page_id=70\">Saar Expert Papers<\/a><em>\u00a0<\/em><\/strong>(ISSN: 2199-0069): Die\u00a0<em>Saar Expert Papers\u00a0<\/em>sind eine Sammlung von Fachbeitr\u00e4gen, die von Experten verfasst und \u00fcber das Portal in elektronischer Form einer breiten \u00d6ffentlichkeit zug\u00e4nglich gemacht werden. Der Umfang eines Beitrags sollte zwischen 4.000 und 6.000 W\u00f6rtern liegen. Umfangreichere Beitr\u00e4ge sind jedoch willkommen, sofern dies f\u00fcr die thematische Vertiefung sinnvoll erscheint.<\/p>\n\n\n\n<p>***<\/p>\n\n\n\n<p>In addition to traditional blog formats, we offer the publication of articles in e-paper format to make longer pieces accessible to a wider audience.<\/p>\n\n\n\n<p><strong><a href=\"https:\/\/jean-monnet-saar.eu\/?page_id=67\">Saar Blueprints<\/a><\/strong>&nbsp;(ISSN: 2199-0050):&nbsp;<em>Saar Blueprints<\/em>&nbsp;are part of an e-paper-series, designed to provide the opportunity, especially for young academics, to analyze and comment on questions related to European Integration. Contributions for this category should range from approximately 4,000 to 6,000 words. However, more extensive contributions are welcome if they seem useful for a deeper exploration of the topic.<\/p>\n\n\n\n<p><strong><a href=\"https:\/\/jean-monnet-saar.eu\/?page_id=70\">Saar Expert Papers<\/a><\/strong>&nbsp;(ISSN: 2199-0069):&nbsp;<em>Saar Expert Papers<\/em>&nbsp;are a collection of academic analyses written by specialists and addressed to the general public in electronic form. Contributions for this category should also range from approximately 4,000 to 6,000 words. However, more extensive contributions are welcome if they seem useful for a deeper exploration of the topic.<\/p>\n","protected":false},"excerpt":{"rendered":"<p>Neben den klassischen Blog-Formaten bieten wir die Ver\u00f6ffentlichung von Beitr\u00e4gen im E-Paper-Format an, um l\u00e4ngere Abhandlungen einer breiten \u00d6ffentlichkeit zur Verf\u00fcgung zu stellen. Saar Blueprints&nbsp;(ISSN:<\/p>\n","protected":false},"author":18,"featured_media":0,"parent":0,"menu_order":0,"comment_status":"closed","ping_status":"closed","template":"","meta":{"footnotes":""},"class_list":["post-314060","page","type-page","status-publish","hentry"],"_links":{"self":[{"href":"https:\/\/jean-monnet-saar.eu\/index.php?rest_route=\/wp\/v2\/pages\/314060","targetHints":{"allow":["GET"]}}],"collection":[{"href":"https:\/\/jean-monnet-saar.eu\/index.php?rest_route=\/wp\/v2\/pages"}],"about":[{"href":"https:\/\/jean-monnet-saar.eu\/index.php?rest_route=\/wp\/v2\/types\/page"}],"author":[{"embeddable":true,"href":"https:\/\/jean-monnet-saar.eu\/index.php?rest_route=\/wp\/v2\/users\/18"}],"replies":[{"embeddable":true,"href":"https:\/\/jean-monnet-saar.eu\/index.php?rest_route=%2Fwp%2Fv2%2Fcomments&post=314060"}],"version-history":[{"count":0,"href":"https:\/\/jean-monnet-saar.eu\/index.php?rest_route=\/wp\/v2\/pages\/314060\/revisions"}],"wp:attachment":[{"href":"https:\/\/jean-monnet-saar.eu\/index.php?rest_route=%2Fwp%2Fv2%2Fmedia&parent=314060"}],"curies":[{"name":"wp","href":"https:\/\/api.w.org\/{rel}","templated":true}]}}