{"id":322544,"date":"2025-07-30T10:29:17","date_gmt":"2025-07-30T09:29:17","guid":{"rendered":"https:\/\/jean-monnet-saar.eu\/?page_id=322544"},"modified":"2025-08-15T06:17:29","modified_gmt":"2025-08-15T05:17:29","slug":"online-symposium","status":"publish","type":"page","link":"https:\/\/jean-monnet-saar.eu\/?page_id=322544","title":{"rendered":"Online-Symposium: \u00a0Schutz der Rechtsstaatlichkeit in der Europ\u00e4ischen Union \u2013 Mechanismen und nationale Verantwortung"},"content":{"rendered":"\n<p><strong>Online Symposium: Protecting the Rule of Law in the European Union \u2013 Mechanisms and National Responsibility<\/strong><\/p>\n\n\n\n<ul class=\"wp-block-list\">\n<li><a href=\"https:\/\/www.juwiss.de\/74-2025\/\">Johanna Kramer: Zwischen Hoffnung und Realit\u00e4t: Die Konditionalit\u00e4tsmechanismen der Europ\u00e4ischen Union und ihre Wirkung in der Krise der ungarischen Rechtsstaatlichkeit<\/a><\/li>\n\n\n\n<li><a href=\"https:\/\/jean-monnet-saar.eu\/?p=322617\">Bojan Petkovi\u0107: F\u00fcnf Jahre PSPP-Urteil des Bundesverfassungsgerichts: \u00dcberlegungen zu einem k\u00fcnftigen Vertragsverletzungsverfahren wegen der Ultra-vires-Rechtsprechung<\/a><\/li>\n\n\n\n<li><a href=\"https:\/\/jean-monnet-saar.eu\/?p=322593\">Ankit Malhotra: Rule of Law in German and European Foreign Policy: The Use of Rule-of-Law Clauses in International Treaties<\/a><\/li>\n\n\n\n<li><a href=\"https:\/\/www.juwiss.de\/71-2025\/\">Xenia Seabright: Frozen Funds, Real Aid: EU\u2019s Cash Rescue for Ukraine<\/a><\/li>\n\n\n\n<li><a href=\"https:\/\/jean-monnet-saar.eu\/?p=322576\">E. Prema\/Ragul O.V.: Germany and the EU: Safeguarding the Rule of Law in Troubled Times<\/a><\/li>\n\n\n\n<li><a href=\"https:\/\/www.juwiss.de\/70-2025\/\">Max Weber: Die europ\u00e4ische Dimension von Parteiverboten<\/a><\/li>\n\n\n\n<li><a href=\"https:\/\/jean-monnet-saar.eu\/?p=322563\">Eva Ghazari-Arndt: Zur Bedeutung und Effektivit\u00e4t des Artikel-7 EUV-Verfahrens&nbsp;<\/a><\/li>\n\n\n\n<li><a href=\"https:\/\/www.juwiss.de\/69-2025\/\">Kristof Heidemann: Palantir in deutschen Sicherheitsbeh\u00f6rden \u2013 Legitimes Hilfsmittel zur Gefahrenabwehr oder selbst Gefahr?<\/a><\/li>\n\n\n\n<li><a href=\"https:\/\/jean-monnet-saar.eu\/?p=322524\">Moon Hwan Lee: Factual Silence as Rule of Law Evasion: Adverse Inference and the Evidentiary Collapse of EU Accountability<\/a><\/li>\n<\/ul>\n\n\n\n<p><\/p>\n","protected":false},"excerpt":{"rendered":"<p>Online Symposium: Protecting the Rule of Law in the European Union \u2013 Mechanisms and National Responsibility<\/p>\n","protected":false},"author":18,"featured_media":296495,"parent":0,"menu_order":0,"comment_status":"closed","ping_status":"closed","template":"","meta":{"footnotes":""},"class_list":["post-322544","page","type-page","status-publish","has-post-thumbnail","hentry"],"_links":{"self":[{"href":"https:\/\/jean-monnet-saar.eu\/index.php?rest_route=\/wp\/v2\/pages\/322544","targetHints":{"allow":["GET"]}}],"collection":[{"href":"https:\/\/jean-monnet-saar.eu\/index.php?rest_route=\/wp\/v2\/pages"}],"about":[{"href":"https:\/\/jean-monnet-saar.eu\/index.php?rest_route=\/wp\/v2\/types\/page"}],"author":[{"embeddable":true,"href":"https:\/\/jean-monnet-saar.eu\/index.php?rest_route=\/wp\/v2\/users\/18"}],"replies":[{"embeddable":true,"href":"https:\/\/jean-monnet-saar.eu\/index.php?rest_route=%2Fwp%2Fv2%2Fcomments&post=322544"}],"version-history":[{"count":16,"href":"https:\/\/jean-monnet-saar.eu\/index.php?rest_route=\/wp\/v2\/pages\/322544\/revisions"}],"predecessor-version":[{"id":322656,"href":"https:\/\/jean-monnet-saar.eu\/index.php?rest_route=\/wp\/v2\/pages\/322544\/revisions\/322656"}],"wp:featuredmedia":[{"embeddable":true,"href":"https:\/\/jean-monnet-saar.eu\/index.php?rest_route=\/wp\/v2\/media\/296495"}],"wp:attachment":[{"href":"https:\/\/jean-monnet-saar.eu\/index.php?rest_route=%2Fwp%2Fv2%2Fmedia&parent=322544"}],"curies":[{"name":"wp","href":"https:\/\/api.w.org\/{rel}","templated":true}]}}