{"id":322976,"date":"2026-03-27T15:46:44","date_gmt":"2026-03-27T14:46:44","guid":{"rendered":"https:\/\/jean-monnet-saar.eu\/?page_id=322976"},"modified":"2026-03-27T15:54:17","modified_gmt":"2026-03-27T14:54:17","slug":"2026-2","status":"publish","type":"page","link":"https:\/\/jean-monnet-saar.eu\/?page_id=322976","title":{"rendered":"2026"},"content":{"rendered":"\n<ul class=\"wp-block-list\">\n<li><a href=\"https:\/\/jean-monnet-saar.eu\/wp-content\/uploads\/2026\/03\/Elisabeth-Hannah-Woll-Menschenrechtsrisiken-in-KI-Systemen.pdf\">Elisabeth Hannah Woll: Menschenrechtsrisiken in KI-Systemen und der Balanceakt regulatorischer Ma\u00dfnahmen:\u00a0Eine Analyse des Spannungsfelds zwischen Menschenrechtsf\u00f6rderung und -gef\u00e4hrdung am Beispiel der KI-Verordnung der EU und des Rahmen\u00fcbereinkommens des Europarats (03\/26)<\/a><\/li>\n<\/ul>\n","protected":false},"excerpt":{"rendered":"","protected":false},"author":17,"featured_media":0,"parent":67,"menu_order":0,"comment_status":"closed","ping_status":"closed","template":"","meta":{"footnotes":""},"class_list":["post-322976","page","type-page","status-publish","hentry"],"_links":{"self":[{"href":"https:\/\/jean-monnet-saar.eu\/index.php?rest_route=\/wp\/v2\/pages\/322976","targetHints":{"allow":["GET"]}}],"collection":[{"href":"https:\/\/jean-monnet-saar.eu\/index.php?rest_route=\/wp\/v2\/pages"}],"about":[{"href":"https:\/\/jean-monnet-saar.eu\/index.php?rest_route=\/wp\/v2\/types\/page"}],"author":[{"embeddable":true,"href":"https:\/\/jean-monnet-saar.eu\/index.php?rest_route=\/wp\/v2\/users\/17"}],"replies":[{"embeddable":true,"href":"https:\/\/jean-monnet-saar.eu\/index.php?rest_route=%2Fwp%2Fv2%2Fcomments&post=322976"}],"version-history":[{"count":2,"href":"https:\/\/jean-monnet-saar.eu\/index.php?rest_route=\/wp\/v2\/pages\/322976\/revisions"}],"predecessor-version":[{"id":322982,"href":"https:\/\/jean-monnet-saar.eu\/index.php?rest_route=\/wp\/v2\/pages\/322976\/revisions\/322982"}],"up":[{"embeddable":true,"href":"https:\/\/jean-monnet-saar.eu\/index.php?rest_route=\/wp\/v2\/pages\/67"}],"wp:attachment":[{"href":"https:\/\/jean-monnet-saar.eu\/index.php?rest_route=%2Fwp%2Fv2%2Fmedia&parent=322976"}],"curies":[{"name":"wp","href":"https:\/\/api.w.org\/{rel}","templated":true}]}}