{"id":35886,"date":"2021-03-19T12:01:25","date_gmt":"2021-03-19T10:01:25","guid":{"rendered":"https:\/\/jean-monnet-saar.eu\/?page_id=35886"},"modified":"2026-04-09T07:41:00","modified_gmt":"2026-04-09T06:41:00","slug":"kontakt","status":"publish","type":"page","link":"https:\/\/jean-monnet-saar.eu\/?page_id=35886","title":{"rendered":"Unser Team"},"content":{"rendered":"\n<p>Jean-Monnet-Saar&nbsp;ist ein wissenschaftlicher Blog&nbsp;zum Europarecht und europ\u00e4ischen V\u00f6lkerrecht&nbsp;des Lehrstuhls f\u00fcr Europarecht,&nbsp;V\u00f6lkerrecht und&nbsp;\u00d6ffentliches Recht von <a href=\"https:\/\/www.uni-saarland.de\/lehrstuhl\/giegerich.html\" data-type=\"URL\" data-id=\"https:\/\/www.uni-saarland.de\/lehrstuhl\/giegerich.html\">Prof. Dr. Thomas Giegerich<\/a>.<\/p>\n\n\n<div class=\"wp-block-image is-resized is-style-rounded\">\n<figure class=\"aligncenter size-large\"><img decoding=\"async\" src=\"https:\/\/jean-monnet-saar.eu\/wp-content\/uploads\/2023\/01\/Prof_Giegerich_Foto_Oliver_Dietze-scaled.jpg\" alt=\"Portr\u00e4t Thomas Giegerich\" style=\"aspect-ratio:1.5032295948326482;object-fit:cover;width:500px\"\/><figcaption class=\"wp-element-caption\">Prof. Dr. Thomas Giegerich LL.M.<\/figcaption><\/figure>\n<\/div>\n\n\n<p><\/p>\n\n\n\n<p><strong>Kontakt<\/strong><\/p>\n\n\n\n<p>F\u00fcr allgemeine <strong>Fragen zum Blog<\/strong> oder Kommentare zu unseren Beitr\u00e4gen wenden Sie sich bitte an unser Team unter <a href=\"mailto:jeanmonnetsaar@europainstitut.de\">jeanmonnetsaar@europainstitut.de<\/a><\/p>\n\n\n\n<p><\/p>\n\n\n\n<p><strong>Managing Editor<\/strong><\/p>\n\n\n<div class=\"wp-block-image is-resized is-style-rounded\">\n<figure class=\"aligncenter size-full\"><a href=\"https:\/\/jean-monnet-saar.eu\/wp-content\/uploads\/2025\/10\/csm_PHOTO-2025-01-21-15-37-54_f009d850a5.jpg\"><img loading=\"lazy\" decoding=\"async\" width=\"1600\" height=\"1600\" src=\"https:\/\/jean-monnet-saar.eu\/wp-content\/uploads\/2025\/10\/csm_PHOTO-2025-01-21-15-37-54_f009d850a5-edited.jpg\" alt=\"\" class=\"wp-image-322808\" style=\"aspect-ratio:1;object-fit:contain;width:300px\" srcset=\"https:\/\/jean-monnet-saar.eu\/wp-content\/uploads\/2025\/10\/csm_PHOTO-2025-01-21-15-37-54_f009d850a5-edited.jpg 1600w, https:\/\/jean-monnet-saar.eu\/wp-content\/uploads\/2025\/10\/csm_PHOTO-2025-01-21-15-37-54_f009d850a5-edited-300x300.jpg 300w, https:\/\/jean-monnet-saar.eu\/wp-content\/uploads\/2025\/10\/csm_PHOTO-2025-01-21-15-37-54_f009d850a5-edited-1024x1024.jpg 1024w, https:\/\/jean-monnet-saar.eu\/wp-content\/uploads\/2025\/10\/csm_PHOTO-2025-01-21-15-37-54_f009d850a5-edited-150x150.jpg 150w, https:\/\/jean-monnet-saar.eu\/wp-content\/uploads\/2025\/10\/csm_PHOTO-2025-01-21-15-37-54_f009d850a5-edited-768x768.jpg 768w, https:\/\/jean-monnet-saar.eu\/wp-content\/uploads\/2025\/10\/csm_PHOTO-2025-01-21-15-37-54_f009d850a5-edited-1536x1536.jpg 1536w\" sizes=\"auto, (max-width: 1600px) 100vw, 1600px\" \/><\/a><figcaption class=\"wp-element-caption\">Annika Blaschke<\/figcaption><\/figure>\n<\/div>\n\n\n<p>Dipl.-Jur. Annika Blaschke, LL.M. ist wissenschaftliche Mitarbeiterin und Doktorandin am Lehrstuhl f\u00fcr \u00d6ffentliches Recht, Europarecht und V\u00f6lkerrecht von Prof. Dr. Till Patrik Holterhus. Ihr Forschungsschwerpunkt liegt im Bereich des europ\u00e4ischen Grundrechtsschutzes und seinen Bez\u00fcgen zum Sportrecht.<\/p>\n\n\n\n<p>Kontakt: <a href=\"mailto:blaschke@europainstitut.de\">blaschke@europainstitut.de<\/a><\/p>\n\n\n\n<p><\/p>\n\n\n\n<p><strong>Redaktionsteam<\/strong><\/p>\n\n\n\n<div class=\"wp-block-columns is-layout-flex wp-container-core-columns-is-layout-9d6595d7 wp-block-columns-is-layout-flex\">\n<div class=\"wp-block-column is-layout-flow wp-block-column-is-layout-flow\" style=\"flex-basis:100%\">\n<div class=\"wp-block-group\"><div class=\"wp-block-group__inner-container is-layout-flow wp-block-group-is-layout-flow\">\n<div class=\"wp-block-columns is-layout-flex wp-container-core-columns-is-layout-9d6595d7 wp-block-columns-is-layout-flex\">\n<div class=\"wp-block-column is-layout-flow wp-block-column-is-layout-flow\" style=\"flex-basis:100%\">\n<div class=\"wp-block-columns is-layout-flex wp-container-core-columns-is-layout-9d6595d7 wp-block-columns-is-layout-flex\">\n<div class=\"wp-block-column is-layout-flow wp-block-column-is-layout-flow\"><\/div>\n<\/div>\n\n\n\n<div class=\"wp-block-columns is-layout-flex wp-container-core-columns-is-layout-9d6595d7 wp-block-columns-is-layout-flex\">\n<div class=\"wp-block-column is-layout-flow wp-block-column-is-layout-flow\"><div class=\"wp-block-image is-style-rounded\">\n<figure class=\"aligncenter size-full is-resized\"><img loading=\"lazy\" decoding=\"async\" width=\"2560\" height=\"2560\" src=\"https:\/\/jean-monnet-saar.eu\/wp-content\/uploads\/2023\/11\/Foto_Blog-1-edited-scaled.jpg\" alt=\"\" class=\"wp-image-277928\" style=\"aspect-ratio:1;object-fit:cover;width:300px\" srcset=\"https:\/\/jean-monnet-saar.eu\/wp-content\/uploads\/2023\/11\/Foto_Blog-1-edited-scaled.jpg 2560w, https:\/\/jean-monnet-saar.eu\/wp-content\/uploads\/2023\/11\/Foto_Blog-1-edited-150x150.jpg 150w, https:\/\/jean-monnet-saar.eu\/wp-content\/uploads\/2023\/11\/Foto_Blog-1-edited-768x768.jpg 768w, https:\/\/jean-monnet-saar.eu\/wp-content\/uploads\/2023\/11\/Foto_Blog-1-edited-1536x1536.jpg 1536w, https:\/\/jean-monnet-saar.eu\/wp-content\/uploads\/2023\/11\/Foto_Blog-1-edited-2048x2048.jpg 2048w\" sizes=\"auto, (max-width: 2560px) 100vw, 2560px\" \/><figcaption class=\"wp-element-caption\">Vinzenz Boddenberg<\/figcaption><\/figure>\n<\/div>\n\n\n<p>Vinzenz Boddenberg ist Rechtsreferendar und war wissenschaftlicher Mitarbeiter und Doktorand am Lehrstuhl f\u00fcr Europarecht, V\u00f6lkerrecht und \u00f6ffentliches Recht von Prof. Dr. Thomas Giegerich. Sein Forschungsschwerpunkt liegt im Bereich des europ\u00e4ischen Medienrechts.<\/p>\n\n\n\n<p>Kontakt: <a href=\"mailto:vinzenz.boddenberg@gmx.de\">vinzenz.boddenberg@gmx.de<\/a><\/p>\n<\/div>\n\n\n\n<div class=\"wp-block-column is-layout-flow wp-block-column-is-layout-flow\"><div class=\"wp-block-image is-style-rounded\">\n<figure class=\"aligncenter size-full is-resized\"><img loading=\"lazy\" decoding=\"async\" width=\"339\" height=\"339\" src=\"https:\/\/jean-monnet-saar.eu\/wp-content\/uploads\/2024\/12\/Foto-Ralf-Michael-Gitzen_Jean-Monnet-Saar.jpg\" alt=\"\" class=\"wp-image-308203\" style=\"width:299px;height:auto\" srcset=\"https:\/\/jean-monnet-saar.eu\/wp-content\/uploads\/2024\/12\/Foto-Ralf-Michael-Gitzen_Jean-Monnet-Saar.jpg 339w, https:\/\/jean-monnet-saar.eu\/wp-content\/uploads\/2024\/12\/Foto-Ralf-Michael-Gitzen_Jean-Monnet-Saar-300x300.jpg 300w, https:\/\/jean-monnet-saar.eu\/wp-content\/uploads\/2024\/12\/Foto-Ralf-Michael-Gitzen_Jean-Monnet-Saar-150x150.jpg 150w\" sizes=\"auto, (max-width: 339px) 100vw, 339px\" \/><figcaption class=\"wp-element-caption\">Ralf Michael Gitzen<\/figcaption><\/figure>\n<\/div>\n\n\n<p>Dipl.-Jur. Ralf Michael Gitzen war wissenschaftlicher Mitarbeiter am Lehrstuhl f\u00fcr deutsches und ausl\u00e4ndisches \u00f6ffentliches Recht, Staatskirchenrecht und V\u00f6lkerrecht von Prof. Dr. Antje von Ungern-Sternberg an der Universit\u00e4t Trier und ist Doktorand ebendort. Zudem war er wissenschaftlicher Mitarbeiter am Forschungszentrum Europa an der Universit\u00e4t Trier. Derzeit ist er als wissenschaftlicher Mitarbeiter in einer internationalen Wirtschaftskanzlei t\u00e4tig. Seine Forschungs- und Interessensschwerpunkte liegen im Organisationsverfassungsrecht, im nationalen und europ\u00e4ischen Wahlrecht sowie im Bereich v\u00f6lker- und europarechtlicher Fragen autonomer Fahr- und Waffensysteme. Zudem besch\u00e4ftigen ihn Rechtsfragen der Digitalisierung.<\/p>\n<\/div>\n<\/div>\n\n\n\n<p><\/p>\n<\/div>\n<\/div>\n<\/div><\/div>\n\n\n\n<div class=\"wp-block-columns is-layout-flex wp-container-core-columns-is-layout-9d6595d7 wp-block-columns-is-layout-flex\">\n<div class=\"wp-block-column is-layout-flow wp-block-column-is-layout-flow\" style=\"flex-basis:50%\"><div class=\"wp-block-image is-style-rounded\">\n<figure class=\"aligncenter size-full is-resized\"><img loading=\"lazy\" decoding=\"async\" width=\"400\" height=\"400\" src=\"https:\/\/jean-monnet-saar.eu\/wp-content\/uploads\/2024\/05\/1656537372106-1.jpeg\" alt=\"\" class=\"wp-image-295799\" style=\"width:298px;height:auto\" srcset=\"https:\/\/jean-monnet-saar.eu\/wp-content\/uploads\/2024\/05\/1656537372106-1.jpeg 400w, https:\/\/jean-monnet-saar.eu\/wp-content\/uploads\/2024\/05\/1656537372106-1-300x300.jpeg 300w, https:\/\/jean-monnet-saar.eu\/wp-content\/uploads\/2024\/05\/1656537372106-1-150x150.jpeg 150w\" sizes=\"auto, (max-width: 400px) 100vw, 400px\" \/><figcaption class=\"wp-element-caption\">Jan Philipp Huth<\/figcaption><\/figure>\n<\/div>\n\n\n<div class=\"wp-block-columns is-layout-flex wp-container-core-columns-is-layout-9d6595d7 wp-block-columns-is-layout-flex\">\n<div class=\"wp-block-column is-vertically-aligned-bottom is-layout-flow wp-block-column-is-layout-flow\" style=\"flex-basis:100%\">\n<p>Jan Philipp Huth ist Doktorand am Lehrstuhl f\u00fcr \u00d6ffentliches Recht, insbesondere Europarecht von Prof. Dr. Carsten Nowak an der Europa-Universit\u00e4t Viadrina Frankfurt (Oder) sowie wissenschaftlicher Mitarbeiter von Prof. Dr. Steffen Hindelang, LL.M. (Universit\u00e4t Uppsala\/CELIS Institute Berlin) und assoziierter Doktorand im DFG-Gradudiertenkolleg &#8222;DynamInt&#8220; an der Humboldt-Universit\u00e4t Berlin. Seine Forschungs- und Interessensschwerpunkte liegen im Europ\u00e4ischen Verfassungsrecht, der Rechtstheorie sowie dem Schiedsverfahrensrecht und (internationalen) Investitionsschutzrecht.<\/p>\n\n\n\n<p>Kontakt: <a href=\"mailto:jan.philipp.huth@hu-berlin.de\" target=\"_blank\" rel=\"noreferrer noopener\">jan.philipp.huth@hu-berlin.de<\/a><\/p>\n<\/div>\n<\/div>\n\n\n\n<p><\/p>\n<\/div>\n\n\n\n<div class=\"wp-block-column is-layout-flow wp-block-column-is-layout-flow\"><div class=\"wp-block-image is-resized is-style-rounded\">\n<figure class=\"aligncenter size-large\"><a href=\"https:\/\/jean-monnet-saar.eu\/wp-content\/uploads\/2021\/09\/Lebenslauf-Foto-1-1024x683neu.jpg\"><img loading=\"lazy\" decoding=\"async\" width=\"762\" height=\"683\" src=\"https:\/\/jean-monnet-saar.eu\/wp-content\/uploads\/2021\/09\/Lebenslauf-Foto-1-1024x683neu.jpg\" alt=\"\" class=\"wp-image-93612\" style=\"aspect-ratio:1;object-fit:cover;width:300px;height:auto\" srcset=\"https:\/\/jean-monnet-saar.eu\/wp-content\/uploads\/2021\/09\/Lebenslauf-Foto-1-1024x683neu.jpg 762w, https:\/\/jean-monnet-saar.eu\/wp-content\/uploads\/2021\/09\/Lebenslauf-Foto-1-1024x683neu-300x269.jpg 300w\" sizes=\"auto, (max-width: 762px) 100vw, 762px\" \/><\/a><figcaption class=\"wp-element-caption\">Dennis Traudt<\/figcaption><\/figure>\n<\/div>\n\n\n<div class=\"wp-block-columns is-layout-flex wp-container-core-columns-is-layout-9d6595d7 wp-block-columns-is-layout-flex\">\n<div class=\"wp-block-column is-layout-flow wp-block-column-is-layout-flow\" style=\"flex-basis:100%\">\n<p>Dipl.-Jur. Dennis Traudt ist wissenschaftlicher Mitarbeiter und Doktorand am Lehrstuhl f\u00fcr Europarecht, V\u00f6lkerrecht und \u00f6ffentliches Recht von Prof. Dr. Thomas Giegerich. Sein Forschungs- und Interessenschwerpunkt liegt im Bereich der ausw\u00e4rtigen Beziehungen der Europ\u00e4ischen Union und des europ\u00e4ischen Menschenrechtsschutzes.<\/p>\n<\/div>\n<\/div>\n\n\n\n<p><\/p>\n\n\n\n<p><\/p>\n\n\n\n<p><\/p>\n<\/div>\n<\/div>\n\n\n\n<div class=\"wp-block-columns is-layout-flex wp-container-core-columns-is-layout-9d6595d7 wp-block-columns-is-layout-flex\">\n<div class=\"wp-block-column is-layout-flow wp-block-column-is-layout-flow\"><div class=\"wp-block-image is-style-rounded\">\n<figure class=\"aligncenter size-full is-resized\"><img loading=\"lazy\" decoding=\"async\" width=\"757\" height=\"789\" src=\"https:\/\/jean-monnet-saar.eu\/wp-content\/uploads\/2026\/01\/thumbnail_1000030521-2-1.jpg\" alt=\"\" class=\"wp-image-322923\" style=\"aspect-ratio:1;object-fit:cover;width:298px\" srcset=\"https:\/\/jean-monnet-saar.eu\/wp-content\/uploads\/2026\/01\/thumbnail_1000030521-2-1.jpg 757w, https:\/\/jean-monnet-saar.eu\/wp-content\/uploads\/2026\/01\/thumbnail_1000030521-2-1-288x300.jpg 288w\" sizes=\"auto, (max-width: 757px) 100vw, 757px\" \/><figcaption class=\"wp-element-caption\">Martina Liotta<\/figcaption><\/figure>\n<\/div>\n\n\n<p>Martina Liotta absolviert derzeit den LL.M.-Studiengang in<em>&nbsp;European and International Law&nbsp;<\/em>am Europa-Institut. Sie hat einen LL.B. sowie einen franz\u00f6sischen Master 1 in deutschem und franz\u00f6sischem Recht im Rahmen des Doppelstudiengangs zwischen der Universit\u00e9 Paris I Panth\u00e9on-Sorbonne und der Universit\u00e4t zu K\u00f6ln abgeschlossen. Anschlie\u00dfend erwarb sie den Master 2&nbsp;<em>Juriste International&nbsp;<\/em>an der Universit\u00e9 Paris I Panth\u00e9on-Sorbonne. Ihr Forschungs- und Interessenschwerpunkt liegt im Bereich des vergleichenden Verfassungsrechts, des Europarechts und der Menschenrechte.<\/p>\n<\/div>\n\n\n\n<div class=\"wp-block-column is-layout-flow wp-block-column-is-layout-flow\"><div class=\"wp-block-image is-style-rounded\">\n<figure class=\"aligncenter size-large is-resized\"><img loading=\"lazy\" decoding=\"async\" width=\"712\" height=\"1024\" src=\"https:\/\/jean-monnet-saar.eu\/wp-content\/uploads\/2026\/01\/Image-1-1-712x1024.jpeg\" alt=\"\" class=\"wp-image-322924\" style=\"aspect-ratio:1;object-fit:cover;width:298px\" srcset=\"https:\/\/jean-monnet-saar.eu\/wp-content\/uploads\/2026\/01\/Image-1-1-712x1024.jpeg 712w, https:\/\/jean-monnet-saar.eu\/wp-content\/uploads\/2026\/01\/Image-1-1-208x300.jpeg 208w, https:\/\/jean-monnet-saar.eu\/wp-content\/uploads\/2026\/01\/Image-1-1-768x1105.jpeg 768w, https:\/\/jean-monnet-saar.eu\/wp-content\/uploads\/2026\/01\/Image-1-1-1067x1536.jpeg 1067w, https:\/\/jean-monnet-saar.eu\/wp-content\/uploads\/2026\/01\/Image-1-1-1423x2048.jpeg 1423w, https:\/\/jean-monnet-saar.eu\/wp-content\/uploads\/2026\/01\/Image-1-1-scaled.jpeg 1779w\" sizes=\"auto, (max-width: 712px) 100vw, 712px\" \/><figcaption class=\"wp-element-caption\">Noemi Messina<\/figcaption><\/figure>\n<\/div>\n\n\n<p>Dipl. Jur. Noemi Messina ist wissenschaftliche Mitarbeiterin in der Abteilung Internationale Kooperationen &amp; Projekte des Europa-Instituts. Zudem belegt sie derzeit den LL.M.-Studiengang am Europa-Institut mit dem Schwerpunkt Menschenrechtsschutz.<br>Ihr Forschungs- und Interessengebiet liegt im nationalen und supranationalen Klimaschutzrecht. Sie engagiert sich in diesem Bereich auch ehrenamtlich bei der Climate Clinic e.V.<\/p>\n<\/div>\n<\/div>\n<\/div>\n<\/div>\n\n\n\n<div class=\"wp-block-columns is-layout-flex wp-container-core-columns-is-layout-9d6595d7 wp-block-columns-is-layout-flex\">\n<div class=\"wp-block-column is-layout-flow wp-block-column-is-layout-flow\">\n<p><strong>Wissenschaftlicher Beirat<\/strong><\/p>\n\n\n\n<p><a href=\"https:\/\/www.jura.uni-wuerzburg.de\/lehrstuehle\/schmahl\/\" data-type=\"URL\" data-id=\"https:\/\/www.jura.uni-wuerzburg.de\/lehrstuehle\/schmahl\/\">Prof. Dr. Stefanie Schmahl LL.M.<\/a>, Lehrstuhl f\u00fcr deutsches und ausl\u00e4ndisches \u00f6ffentliches Recht, V\u00f6lkerrecht und Europarecht, Universit\u00e4t W\u00fcrzburg<\/p>\n\n\n\n<p><a href=\"https:\/\/www.unifr.ch\/ius\/epiney\/de\/\" data-type=\"URL\" data-id=\"https:\/\/www.unifr.ch\/ius\/epiney\/de\/\">Prof. Dr. Astrid Epiney LL.M.<\/a>, Lehrstuhl f\u00fcr Europarecht, V\u00f6lkerrecht und \u00f6ffentliches Recht, Universit\u00e9 de Fribourg<\/p>\n\n\n\n<p><a href=\"https:\/\/www.jura.fu-berlin.de\/fachbereich\/einrichtungen\/oeffentliches-recht\/lehrende\/calliessc\/professur\/jeanmonnetchair\/index.html\" data-type=\"URL\" data-id=\"https:\/\/www.jura.fu-berlin.de\/fachbereich\/einrichtungen\/oeffentliches-recht\/lehrende\/calliessc\/professur\/jeanmonnetchair\/index.html\">Prof. Dr. Christian Calliess LL.M. Eur<\/a>, Jean Monnet Lehrstuhl f\u00fcr Europ\u00e4ische Integration, Freie Universit\u00e4t Berlin<\/p>\n<\/div>\n<\/div>\n","protected":false},"excerpt":{"rendered":"<p>Jean-Monnet-Saar&nbsp;ist ein wissenschaftlicher Blog&nbsp;zum Europarecht und europ\u00e4ischen V\u00f6lkerrecht&nbsp;des Lehrstuhls f\u00fcr Europarecht,&nbsp;V\u00f6lkerrecht und&nbsp;\u00d6ffentliches Recht von Prof. Dr. Thomas Giegerich. Kontakt F\u00fcr allgemeine Fragen zum Blog oder<\/p>\n","protected":false},"author":16,"featured_media":0,"parent":0,"menu_order":0,"comment_status":"closed","ping_status":"closed","template":"","meta":{"footnotes":""},"class_list":["post-35886","page","type-page","status-publish","hentry"],"_links":{"self":[{"href":"https:\/\/jean-monnet-saar.eu\/index.php?rest_route=\/wp\/v2\/pages\/35886","targetHints":{"allow":["GET"]}}],"collection":[{"href":"https:\/\/jean-monnet-saar.eu\/index.php?rest_route=\/wp\/v2\/pages"}],"about":[{"href":"https:\/\/jean-monnet-saar.eu\/index.php?rest_route=\/wp\/v2\/types\/page"}],"author":[{"embeddable":true,"href":"https:\/\/jean-monnet-saar.eu\/index.php?rest_route=\/wp\/v2\/users\/16"}],"replies":[{"embeddable":true,"href":"https:\/\/jean-monnet-saar.eu\/index.php?rest_route=%2Fwp%2Fv2%2Fcomments&post=35886"}],"version-history":[{"count":7,"href":"https:\/\/jean-monnet-saar.eu\/index.php?rest_route=\/wp\/v2\/pages\/35886\/revisions"}],"predecessor-version":[{"id":323002,"href":"https:\/\/jean-monnet-saar.eu\/index.php?rest_route=\/wp\/v2\/pages\/35886\/revisions\/323002"}],"wp:attachment":[{"href":"https:\/\/jean-monnet-saar.eu\/index.php?rest_route=%2Fwp%2Fv2%2Fmedia&parent=35886"}],"curies":[{"name":"wp","href":"https:\/\/api.w.org\/{rel}","templated":true}]}}