{"id":51375,"date":"2021-05-05T12:08:56","date_gmt":"2021-05-05T10:08:56","guid":{"rendered":"https:\/\/jean-monnet-saar.eu\/?page_id=51375"},"modified":"2022-07-04T17:26:24","modified_gmt":"2022-07-04T16:26:24","slug":"gender-quotas-and-womens-political-agency-sweden","status":"publish","type":"page","link":"https:\/\/jean-monnet-saar.eu\/?page_id=51375","title":{"rendered":"Gender quotas and women\u2019s political agency \u2013 Sweden"},"content":{"rendered":"\n<p>05.05.2021<\/p>\n\n\n\n<p>An article written by Maria Jansson*<\/p>\n\n\n\n<p><strong>A. Introduction<\/strong><\/p>\n\n\n\n<p>In 1921 Swedish women could for the first-time vote on the same conditions as men. The long struggle for women\u2019s suffrage in Sweden, which was the last Nordic country to grant women the right to vote, include activism, petitions and demonstrations. However, the story also displays strong resistance and arguments against women\u2019s vote which resemble the rhetoric in many other European countries.<a href=\"#_edn1\">[1]<\/a><\/p>\n\n\n\n<p>In the 1921 elections, one woman was also elected to the parliament\u2019s first chamber. However, it took until 1947 before the first woman took a seat in the cabinet. Research about the pioneer women in the cabinet reveals how they had to struggle against sexism and male conspiracies to get rid of them.<a href=\"#_edn2\">[2]<\/a> This very brief history tells us that women\u2019s presence in political assemblies does not come automatically. Suffrage did not result in hordes of women entering parliament and taking seats in the cabinet. It also tells us that women\u2019s presence is not enough, the conditions under which women are present are equally important. Do women have access to the prestigious and powerful positions on equal conditions as men? Can women act politically from the platforms they are elected to on the same conditions as men? These are questions we need to answer in order to understand women\u2019s political agency beyond numbers.<\/p>\n\n\n\n<p><strong>B. Quotas in Sweden<\/strong><\/p>\n\n\n\n<p>The discussion about political quotas to increase women\u2019s representation in the 1980s as the number of women in parliament did not increase. In 1987 a public committee report on the topic was published. The debate about gender quotas was occasionally intense, and the arguments against quotas were similar to the ones heard against women\u2019s franchise. Quotas will result in that not the one most suited and merited will be elected, is perhaps the most common argument.<a href=\"#_edn3\">[3]<\/a><\/p>\n\n\n\n<p>However, in the 1991 elections for parliament, there was a decrease in women elected for parliament. As a reaction to this a \u201csecret feminist network\u201d called the \u201cSupportstockings\u201d (Sw: St\u00f6dstrumporna) was formed. The name alluded to the Danish organization Red stockings, which was a common way of speaking of second-wave organized women in Sweden in the 1970s. When two members of the Support Stockings \u2013 journalist Maria-Pia B\u00f6ethius and literature professor and former women\u2019s activist Ebba Witt-Brattstr\u00f6m \u2013 were interviewed on a popular TV-show they revealed the network and threatened to form a women\u2019s party, unless the already existing political parties would see to it that more women were elected. This pushed several political parties to introduce a voluntary quota on their lists for parliament in the 1994 elections.<a href=\"#_edn4\">[4]<\/a><\/p>\n\n\n\n<p>There are many different forms of quotas used in the world \u2013 some of them are legislated and mandatory, others are legislated but voluntary, and finally a third category, such as the Swedish quotas which are completely voluntary and independent of legislation and used only if the parties have decided internally to do so. Further, quotas differ in how they are designed, which in turn depends on the design of the voting system (e.g. individual votes, or party lists etc.).<a href=\"#_edn5\">[5]<\/a>&nbsp;<\/p>\n\n\n\n<p>In Sweden, votes are cast on party lists. This means that the political parties are gatekeepers when it comes to elections. To be elected you need to be nominated as a candidate on the party\u2019s list. This means that the nomination process is in the hands of parties. Research has shown that ideas about merits and competence in the parties rest on male norms, and men\u2019s networks have functioned to put men on the lists.<a href=\"#_edn6\">[6]<\/a> In that respect, the voluntary quotas adopted by most parties has been key to increase the number of women. Parties to the right, such as the Neoliberal\/Conservative party called Moderaterna, the conservative Christian Democrats and the right-wing populist, xenophobic Sweden Democrats have not adopted quotas.<\/p>\n\n\n\n<p>In the elections after the Support Stockings\u2019 threat, the share of women MPs has been over 40 percent in the Swedish parliament. At the moment, there are 46 percent women in the Riksdag. In local parliaments (municipalities) the share of women is slightly lower \u2013 43 percent. Looking beyond numbers there is still a gender division in politics, both horizontally and vertically. Women are more active in social issues, health care and culture, while there are more men when it comes to infrastructure, defense, and trade.<a href=\"#_edn7\">[7]<\/a> There is also a difference when it comes to top positions in municipalities as well as to chairs in parliamentary committees.<a href=\"#_edn8\">[8]<\/a><\/p>\n\n\n\n<p><strong>C. Women\u2019s conditions as elected<\/strong><\/p>\n\n\n\n<p>Beside horizontal and vertical gender division the conditions for women and men in politics differ. A recent survey showed that women, especially younger women and women of foreign descent are more likely to be exposed to threats and harassments connected to their political positions.<a href=\"#_edn9\">[9]<\/a> Further the #metoo movement revealed the extent of sexual harassment which is prevalent also in sphere of political parties and political bodies.<a href=\"#_edn10\">[10]<\/a><\/p>\n\n\n\n<p>In addition, research by professors Hanna B\u00e4ck and Marc Debus<a href=\"#_edn11\">[11]<\/a> has studied seven European parliaments and found that women speak less than men and especially when the topic of the debate is coded as masculine. They also found that within party groups female members of parliament take the floor less often when they are members of parties with many female representatives.<\/p>\n\n\n\n<p>I think that these findings of continuous gender separation both horizontally and vertically and the division of speaking time indicates that gender equality is more than counting numbers, women\u2019s presence must be complemented with analyzing the conditions for women\u2019s political agency once elected, if one wants to understand the dynamics of gender in politics.<\/p>\n\n\n\n<hr class=\"wp-block-separator\"\/>\n\n\n\n<p>****<\/p>\n\n\n\n<p>*Prof. Dr. Maria Jansson is Professor of Gender Studies at \u00d6rebro University, Sweden. <\/p>\n\n\n\n<p><a href=\"#_ednref1\">[1]<\/a> <em>R\u00f6nnb\u00e4ck, Josefine,<\/em> Politikens genusgr\u00e4nser: Den kvinnliga r\u00f6str\u00e4ttsr\u00f6relsen och kampen f\u00f6r kvinors politiska medborgarskap, 1902-1921, 2004.<\/p>\n\n\n\n<p><a href=\"#_ednref2\">[2]<\/a> <em>Hirdman, Yvonne,<\/em> Det t\u00e4nkande hj\u00e4rtat: boken om Alva Myrdal, 2021; <em>Karlsson, Gunnel,<\/em> En kvinna iregeringen Statsr\u00e5det Ulla Lindstr\u00f6ms liv och arbete, 2020.<\/p>\n\n\n\n<p><a href=\"#_ednref3\">[3]<\/a> see for an overview of arguments against quotas: <em>Dahlerup, Drude\/Freidenvall, Lenita,<\/em> Judging gender quotas: predictions and results, Policy &amp; Politics 38(3)\/2010.<\/p>\n\n\n\n<p><a href=\"#_ednref4\">[4]<\/a> <em>Eduards, Maud,<\/em> F\u00f6rbjuden handling: om kvinnors organsiering och feministisk teori, 1. Aufl. 2002; <em>T\u00f6rnqvist, Maria,<\/em> K\u00f6nspolitik p\u00e5 gr\u00e4nsen: debatterna om varannan damernas och Thamprofessurerna, 2006; <em>Thomsson, Ulrika Myrvang,<\/em> Systerskapets strategier.&nbsp;Om kvinnopolitiska praktiker i svensk demokrati, 2015.<\/p>\n\n\n\n<p><a href=\"#_ednref5\">[5]<\/a> <em>Dahlerup, Drude\/Freidenvall, Lenita,<\/em> Quotas as a \u2018fast track\u2019 to equal representation for women: Why Scandinavia is no longer the model, International feminist journal of politics 7(1)\/2005; see also Gender Quotas Database for information on quotas around the globe.<\/p>\n\n\n\n<p><a href=\"#_ednref6\">[6]<\/a> <em>Freidenvall, Lenita,<\/em> V\u00e4gen till Varannan damernas: om kvinnorepresentation, kvotering och kandidaturval i svensk politik 1970-2002, 2006.<\/p>\n\n\n\n<p><a href=\"#_ednref7\">[7]<\/a> <em>S\u00e4ll, Line,<\/em> Kvinnor har det tuffare \u00e4n m\u00e4n inom politiken, J\u00e4mst\u00e4lldhetsmyndigheten 2019:7, <a href=\"https:\/\/www.jamstalldhetsmyndigheten.se\/files\/2019\/07\/kvinnor-har-dettuffareanmaninompolitiken2019-10-24.pdf\">https:\/\/www.jamstalldhetsmyndigheten.se\/files\/2019\/07\/kvinnor-har-dettuffareanmaninompolitiken2019-10-24.pdf<\/a>, (29.04.2021).<\/p>\n\n\n\n<p><a href=\"#_ednref8\">[8]<\/a> <em>S\u00e4ll, Line,<\/em> Kvinnor har det tuffare \u00e4n m\u00e4n inom politiken, J\u00e4mst\u00e4lldhetsmyndigheten 2019:7, <a href=\"https:\/\/www.jamstalldhetsmyndigheten.se\/files\/2019\/07\/kvinnor-har-det-tuffare-an-man-inom-politiken2019-10-24.pdf\">https:\/\/www.jamstalldhetsmyndigheten.se\/files\/2019\/07\/kvinnor-har-det-tuffare-an-man-inom-politiken2019-10-24.pdf<\/a>, (29.04.2021).<\/p>\n\n\n\n<p><a href=\"#_ednref9\">[9]<\/a> <em>Erikson, Josefina\/Josefsson, Cecilia<\/em>, J\u00e4mst\u00e4lldhet i riksdagen \u2013 en enk\u00e4tstudie. Sveriges riksdag, 2017.<\/p>\n\n\n\n<p><a href=\"#_ednref10\">[10]<\/a> <em>Regn\u00e9r, \u00c5sa, et.al.,<\/em> \u201dI maktens korridorer ser vi oss \u00f6ver axeln\u201d, Aftonbladet, 18. November 2017.<\/p>\n\n\n\n<p><a href=\"#_ednref11\">[11]<\/a> <em>B\u00e4ck, Hanna\/Debus, Marc<\/em>, When do women speak? A comparative analysis of the role of gender in legislative debates, Political Studies,\u00a067(3)\/2019; <em>B\u00e4ck, Hanna\/Baumann, Markus\/Debus, Marc\/M\u00fcller,<\/em> <em>Jochen<\/em>, The unequal distribution of speaking time in parliamentary\u2010party groups,\u00a0Legislative Studies Quarterly 44(1)\/2019.<\/p>\n\n\n\n<p><strong>Suggested Citation:<\/strong> <em>Jansson, Maria<\/em>, Gender quotas and women\u2019s political agency: Sweden, jean-monnet-saar 2021, DOI: <a href=\"https:\/\/intr2dok.vifa-recht.de\/receive\/mir_mods_00012727?q=Gender%20quotas%20and%20women%E2%80%99s%20political%20agency%20%E2%80%93%20Sweden\">10.17176\/20220523-104307-0<\/a><\/p>\n","protected":false},"excerpt":{"rendered":"<p>05.05.2021 An article written by Maria Jansson* A. Introduction In 1921 Swedish women could for the first-time vote on the same conditions as men. The<\/p>\n","protected":false},"author":16,"featured_media":51404,"parent":0,"menu_order":0,"comment_status":"closed","ping_status":"closed","template":"","meta":{"footnotes":""},"class_list":["post-51375","page","type-page","status-publish","has-post-thumbnail","hentry"],"_links":{"self":[{"href":"https:\/\/jean-monnet-saar.eu\/index.php?rest_route=\/wp\/v2\/pages\/51375","targetHints":{"allow":["GET"]}}],"collection":[{"href":"https:\/\/jean-monnet-saar.eu\/index.php?rest_route=\/wp\/v2\/pages"}],"about":[{"href":"https:\/\/jean-monnet-saar.eu\/index.php?rest_route=\/wp\/v2\/types\/page"}],"author":[{"embeddable":true,"href":"https:\/\/jean-monnet-saar.eu\/index.php?rest_route=\/wp\/v2\/users\/16"}],"replies":[{"embeddable":true,"href":"https:\/\/jean-monnet-saar.eu\/index.php?rest_route=%2Fwp%2Fv2%2Fcomments&post=51375"}],"version-history":[{"count":0,"href":"https:\/\/jean-monnet-saar.eu\/index.php?rest_route=\/wp\/v2\/pages\/51375\/revisions"}],"wp:featuredmedia":[{"embeddable":true,"href":"https:\/\/jean-monnet-saar.eu\/index.php?rest_route=\/wp\/v2\/media\/51404"}],"wp:attachment":[{"href":"https:\/\/jean-monnet-saar.eu\/index.php?rest_route=%2Fwp%2Fv2%2Fmedia&parent=51375"}],"curies":[{"name":"wp","href":"https:\/\/api.w.org\/{rel}","templated":true}]}}