{"id":54,"date":"2013-12-04T15:22:39","date_gmt":"2013-12-04T13:22:39","guid":{"rendered":"http:\/\/134.96.123.52\/?page_id=54"},"modified":"2023-10-09T10:16:19","modified_gmt":"2023-10-09T09:16:19","slug":"ueber-dieses-projekt","status":"publish","type":"page","link":"https:\/\/jean-monnet-saar.eu\/?page_id=54","title":{"rendered":"Impressum"},"content":{"rendered":"\n<p><i>Verpflichtende Angaben \u00fcber das Projekt:<\/i><\/p>\n\n\n\n<p><strong>Jean-Monnet-Saar<\/strong> ist ein Projekt des Lehrstuhls f\u00fcr Europarecht, V\u00f6lkerrecht und \u00d6ffentliches Recht von <a href=\"http:\/\/www.uni-saarland.de\/lehrstuhl\/giegerich.html\"><strong>Prof. Dr. Thomas Giegerich, LL.M.<\/strong><\/a> an der Universit\u00e4t des Saarlandes. Prof. Giegerich ist zugleich Direktor des <a href=\"http:\/\/www.europainstitut.de\"><strong>Europa-Instituts der Universit\u00e4t des Saarlandes<\/strong>.<\/a> <\/p>\n\n\n\n<p>Von 2017 bis 2021 erhielt der Blog Unterst\u00fctzung Erasmus+ Programm der Europ\u00e4ischen Union (EU). Seit 2023 wird das Projekt zur \u00f6ffentlichen Bereitstellung wissenschaftlicher Beitr\u00e4ge von der Deutschen Forschungsgemeinschaft gef\u00f6rdert (Projektnummer: 525576645).<\/p>\n\n\n\n<p>Neben den beiden <strong>E-Paper-Serien<\/strong> Saar <strong><a href=\"https:\/\/jean-monnet-saar.eu\/?page_id=70\">Expert Papers<\/a><\/strong> (ISSN-Nr. 2199-0069) und Saar <a href=\"https:\/\/jean-monnet-saar.eu\/?page_id=67\"><strong>Blueprints<\/strong><\/a> (ISSN-Nr. 2199-0050), die Beitr\u00e4ge in deutscher und englischer Sprache umfassen, finden sich unter <strong><a href=\"https:\/\/jean-monnet-saar.eu\/?page_id=73\">Saar Briefs<\/a> <\/strong>(ISSN-Nr. 2749-0874) pr\u00e4gnante Analysen rund um gegenw\u00e4rtige Diskussionen im Bereich der Europ\u00e4ischen Integration und des europ\u00e4ischen V\u00f6lkerrechts. Unter <strong><a href=\"https:\/\/jean-monnet-saar.eu\/?page_id=14931\">Saar Media<\/a><\/strong> sind Podcasts und Interviews zu europarechtlichen Fragen sowie Videos von seitens des Lehrstuhls veranstalteten Symposien abrufbar.<\/p>\n\n\n\n<p><a href=\"https:\/\/jean-monnet-saar.eu\/?page_id=52941\"><strong>Jean Monnet<\/strong> <\/a>(* 9. November 1888, \u2020 16. M\u00e4rz 1979) war als Berater der franz\u00f6sischen Regierung ma\u00dfgeblich an der Ausarbeitung des ber\u00fchmten <a href=\"https:\/\/jean-monnet-saar.eu\/?page_id=52941\">Schuman-Plans<\/a> aus dem Jahre 1950 beteiligt, welcher zur Gr\u00fcndung der Europ\u00e4ischen Gemeinschaft f\u00fcr Kohle und Stahl (EGKS) f\u00fchrte, und war von 1952 bis 1955 der erste Pr\u00e4sident ihrer sogenannten Hohen Beh\u00f6rde \u2013 quasi einer der Vorg\u00e4ngerinnen der heutigen Europ\u00e4ischen Kommission.<\/p>\n\n\n\n<p><\/p>\n\n\n\n<p><i>Briefanschrift:<\/i><\/p>\n\n\n\n<p>Lehrstuhl Prof. Dr. Thomas Giegerich<br>Universit\u00e4t des Saarlandes<br>Postfach 15 11 50<br>66041 Saarbr\u00fccken<br>Germany<\/p>\n\n\n\n<p><i>Paketanschrift:<\/i><\/p>\n\n\n\n<p>Lehrstuhl Prof. Dr. Thomas Giegerich<br>Universit\u00e4t des Saarlandes<br>Campus B2.1, 2. OG<br>66123 Saarbr\u00fccken<br>Germany<\/p>\n\n\n\n<p>Telefon: + 49 \/ (0)681 \/ 302-3695<br>Fax: + 49 \/ (0)681 \/ 302-4879<\/p>\n\n\n\n<p>E-Mail (<strong>Sekretariat<\/strong>): <em>zewe@europainstitut.de<br><\/em><\/p>\n\n\n\n<p><em>Rechtliche Hinweise:<br><\/em><\/p>\n\n\n\n<p>1. Geltungsbereich<br>Die Webseite www.jean-monnet-saar.eu stellt ein Internetangebot der Universit\u00e4t des Saarlandes dar. Inhaltlich betreut wird die Webseite durch den Lehrstuhl f\u00fcr Europarecht, V\u00f6lkerrecht und \u00d6ffentliches Recht unter der Leitung von Prof. Dr. Thomas Giegerich. Bitte beachten Sie erg\u00e4nzend zu diesem Text das Impressum der Universit\u00e4t des Saarlandes (<a rel=\"noopener\" href=\"http:\/\/www.uni-saarland.de\/footer\/dialog\/impressum.html\" target=\"_blank\">http:\/\/www.uni-saarland.de\/footer\/dialog\/impressum.html<\/a>) sowie die eigene Seite &#8222;<a href=\"https:\/\/jean-monnet-saar.eu\/?page_id=1972\" data-type=\"URL\" data-id=\"https:\/\/jean-monnet-saar.eu\/?page_id=1972\">Datenschutz<\/a>&#8220; dieses Blogs.<\/p>\n\n\n\n<p>2. Inhalt des Onlineangebotes<br>Trotz sorgf\u00e4ltiger inhaltlicher Kontrolle \u00fcbernehmen wir keine Haftung f\u00fcr Aktualit\u00e4t, Korrektheit oder Vollst\u00e4ndigkeit der bereitgestellten Informationen. Alle Angebote sind freibleibend und unverbindlich. Wir behalten uns vor, Teile der Seiten oder das gesamte Angebot ohne gesonderte Ank\u00fcndigung zu ver\u00e4ndern oder zu erg\u00e4nzen.<\/p>\n\n\n\n<p>3. Verweise und Links<br>Die Lehrstuhl von Prof. Giegerich bzw. die Universit\u00e4t des Saarlandes sind als Inhaltsanbieter f\u00fcr die eigenen Inhalte, die sie zur Nutzung bereit halten, nach den allgemeinen Gesetzen verantwortlich. Von diesen eigenen Inhalten sind Querverweise (externe Links) auf die von anderen Anbietern bereit gehaltenen Inhalte zu unterscheiden. Diese fremden Inhalte stammen nicht von der Universit\u00e4t des Saarlandes und spiegeln auch nicht deren Meinung wider, sondern dienen lediglich der Information. Die Universit\u00e4t des Saarlandes macht sich diese Inhalte nicht zu eigen. Weiterf\u00fchrende Hinweise finden sich in der Datenschutzerkl\u00e4rung unter &#8222;Datenschutz&#8220;.<\/p>\n\n\n\n<p>4. Urheber- und Kennzeichenrecht<br><a href=\"http:\/\/creativecommons.org\/licenses\/by-sa\/4.0\/\"><\/a><br>Alle Beitr\u00e4ge und Ver\u00f6ffentlichungen sind nach der <a href=\"http:\/\/creativecommons.org\/licenses\/by-sa\/4.0\/\">Creative Commons Attribution-ShareAlike 4.0 International License<\/a> lizenziert.<\/p>\n\n\n\n<p>5. Datenschutzerkl\u00e4rung<\/p>\n\n\n\n<p>Diese findet sich unter <strong><a href=\"https:\/\/jean-monnet-saar.eu\/?page_id=1972\">Datenschutz<\/a><\/strong>.<\/p>\n","protected":false},"excerpt":{"rendered":"<p>Verpflichtende Angaben \u00fcber das Projekt: Jean-Monnet-Saar ist ein Projekt des Lehrstuhls f\u00fcr Europarecht, V\u00f6lkerrecht und \u00d6ffentliches Recht von Prof. Dr. Thomas Giegerich, LL.M. an der<\/p>\n","protected":false},"author":16,"featured_media":0,"parent":0,"menu_order":0,"comment_status":"closed","ping_status":"closed","template":"","meta":{"footnotes":""},"class_list":["post-54","page","type-page","status-publish","hentry"],"_links":{"self":[{"href":"https:\/\/jean-monnet-saar.eu\/index.php?rest_route=\/wp\/v2\/pages\/54","targetHints":{"allow":["GET"]}}],"collection":[{"href":"https:\/\/jean-monnet-saar.eu\/index.php?rest_route=\/wp\/v2\/pages"}],"about":[{"href":"https:\/\/jean-monnet-saar.eu\/index.php?rest_route=\/wp\/v2\/types\/page"}],"author":[{"embeddable":true,"href":"https:\/\/jean-monnet-saar.eu\/index.php?rest_route=\/wp\/v2\/users\/16"}],"replies":[{"embeddable":true,"href":"https:\/\/jean-monnet-saar.eu\/index.php?rest_route=%2Fwp%2Fv2%2Fcomments&post=54"}],"version-history":[{"count":0,"href":"https:\/\/jean-monnet-saar.eu\/index.php?rest_route=\/wp\/v2\/pages\/54\/revisions"}],"wp:attachment":[{"href":"https:\/\/jean-monnet-saar.eu\/index.php?rest_route=%2Fwp%2Fv2%2Fmedia&parent=54"}],"curies":[{"name":"wp","href":"https:\/\/api.w.org\/{rel}","templated":true}]}}